{"id":36438,"date":"2025-07-25T15:38:25","date_gmt":"2025-07-25T13:38:25","guid":{"rendered":"https:\/\/lightup.lv\/?post_type=product&#038;p=36438"},"modified":"2025-11-11T11:04:15","modified_gmt":"2025-11-11T09:04:15","slug":"kresls-woke-olivzals","status":"publish","type":"product","link":"https:\/\/lightup.lv\/et\/precu-katalogs\/kresls-woke-olivzals\/","title":{"rendered":"Tool WOKE oliivroheline"},"content":{"rendered":"<p>Kr\u0113sla augstums: 83 cm<br \/>\nKr\u0113sla platums: 47 cm<br \/>\nKr\u0113sla dzi\u013cums: 57.5 cm<br \/>\nS\u0113des augstums: 50 cm<br \/>\nV\u00e4rv: Oliivroheline<br \/>\nMateri\u0101ls: Audums\/met\u0101ls<br \/>\nVirnastatav: Ei<\/p>\n<p>ID 100400620<\/p>","protected":false},"excerpt":{"rendered":"<p>Kr\u0113sls WOKE ir paman\u0101ms dizaina akcents, kas izce\u013cas ar drosm\u012bgu un rado\u0161u pieeju. Dizains veidots, uzsvaru liekot uz rota\u013c\u012bgu siluetu ar m\u012bksti polster\u0113tu s\u0113dvietu un atzveltni, ko papildina koniskas k\u0101jas, kas atg\u0101dina beisbola n\u016bjas formu. WOKE pie\u0161\u0137ir telpai individualit\u0101ti un raksturu.<\/p>","protected":false},"featured_media":36439,"template":"","meta":{"_acf_changed":false},"product_brand":[],"product_cat":[28,38,213],"product_tag":[37],"class_list":{"0":"post-36438","1":"product","2":"type-product","3":"status-publish","4":"has-post-thumbnail","6":"product_cat-kresli","7":"product_cat-kresli-pie-galda","8":"product_cat-salona-pieejams","9":"product_tag-dan-form","11":"first","12":"instock","13":"shipping-taxable","14":"purchasable","15":"product-type-simple"},"acf":[],"_links":{"self":[{"href":"https:\/\/lightup.lv\/et\/wp-json\/wp\/v2\/product\/36438","targetHints":{"allow":["GET"]}}],"collection":[{"href":"https:\/\/lightup.lv\/et\/wp-json\/wp\/v2\/product"}],"about":[{"href":"https:\/\/lightup.lv\/et\/wp-json\/wp\/v2\/types\/product"}],"wp:featuredmedia":[{"embeddable":true,"href":"https:\/\/lightup.lv\/et\/wp-json\/wp\/v2\/media\/36439"}],"wp:attachment":[{"href":"https:\/\/lightup.lv\/et\/wp-json\/wp\/v2\/media?parent=36438"}],"wp:term":[{"taxonomy":"product_brand","embeddable":true,"href":"https:\/\/lightup.lv\/et\/wp-json\/wp\/v2\/product_brand?post=36438"},{"taxonomy":"product_cat","embeddable":true,"href":"https:\/\/lightup.lv\/et\/wp-json\/wp\/v2\/product_cat?post=36438"},{"taxonomy":"product_tag","embeddable":true,"href":"https:\/\/lightup.lv\/et\/wp-json\/wp\/v2\/product_tag?post=36438"}],"curies":[{"name":"t\u00f6\u00f6leht","href":"https:\/\/api.w.org\/{rel}","templated":true}]}}