{"id":36446,"date":"2025-07-25T15:49:37","date_gmt":"2025-07-25T13:49:37","guid":{"rendered":"https:\/\/lightup.lv\/?post_type=product&#038;p=36446"},"modified":"2025-09-17T10:22:00","modified_gmt":"2025-09-17T08:22:00","slug":"atputas-kresls-splendor-melns","status":"publish","type":"product","link":"https:\/\/lightup.lv\/et\/tootekataloog\/atputas-kresls-splendor-melns\/","title":{"rendered":"PLENDOR tugitool must"},"content":{"rendered":"<p>Kr\u0113sla augstums: 79 cm<br \/>\nTooli laius: 58 cm<br \/>\nKr\u0113sla dzi\u013cums: 58 cm<br \/>\nIstme k\u00f5rgus: 49 cm<br \/>\nV\u00e4rv: must<br \/>\nMaterjal: kangas<br \/>\nVirnastatav: Ei<\/p>\n<p>ID 100107201<\/p>","protected":false},"excerpt":{"rendered":"<article class=\"text-token-text-primary w-full\" dir=\"auto\" data-testid=\"conversation-turn-32\" data-scroll-anchor=\"true\">\n<div class=\"text-base my-auto mx-auto pb-10 [--thread-content-margin:--spacing(4)] @[37rem]:[--thread-content-margin:--spacing(6)] @[72rem]:[--thread-content-margin:--spacing(16)] px-(--thread-content-margin)\">\n<div class=\"[--thread-content-max-width:32rem] @[34rem]:[--thread-content-max-width:40rem] @[64rem]:[--thread-content-max-width:48rem] mx-auto max-w-(--thread-content-max-width) flex-1 group\/turn-messages focus-visible:outline-hidden relative flex w-full min-w-0 flex-col agent-turn\" tabindex=\"-1\">\n<div class=\"flex max-w-full flex-col grow\">\n<div class=\"min-h-8 text-message relative flex w-full flex-col items-end gap-2 text-start break-words whitespace-normal [.text-message+&amp;]:mt-5\" dir=\"auto\" data-message-author-role=\"assistant\" data-message-id=\"5c567991-d44b-4aa8-9b9b-96ebc5199f93\" data-message-model-slug=\"gpt-4o\">\n<div class=\"flex w-full flex-col gap-1 empty:hidden first:pt-[3px]\">\n<div class=\"markdown prose dark:prose-invert w-full break-words light markdown-new-styling markdown-new-styling-hidden-hrs\">\n<p data-start=\"0\" data-end=\"301\" data-is-last-node=\"\" data-is-only-node=\"\">SPLENDOR atp\u016btas kr\u0113sls ir elegants un paman\u0101ms akcents jebkur\u0101 \u0113damistab\u0101. Tas piln\u012bb\u0101 apvilkts ar augstv\u0113rt\u012bgu audumu un veidots ikdienas lieto\u0161anai, nezaud\u0113jot komfortu. S\u0113dekl\u012b iestr\u0101d\u0101tas kabatas atsperes, kas nodro\u0161ina \u012bpa\u0161i \u0113rtu s\u0113d\u0113\u0161anu. SPLENDOR ir pieejams tikai k\u0101 atp\u016btas kr\u0113sls ar roku balstiem.<\/p>\n<\/div>\n<\/div>\n<\/div>\n<\/div>\n<\/div>\n<\/div>\n<\/article>","protected":false},"featured_media":36447,"template":"","meta":{"_acf_changed":false},"product_brand":[],"product_cat":[28,38],"product_tag":[37],"class_list":{"0":"post-36446","1":"product","2":"type-product","3":"status-publish","4":"has-post-thumbnail","6":"product_cat-kresli","7":"product_cat-kresli-pie-galda","8":"product_tag-dan-form","10":"first","11":"instock","12":"shipping-taxable","13":"purchasable","14":"product-type-simple"},"acf":[],"_links":{"self":[{"href":"https:\/\/lightup.lv\/et\/wp-json\/wp\/v2\/product\/36446","targetHints":{"allow":["GET"]}}],"collection":[{"href":"https:\/\/lightup.lv\/et\/wp-json\/wp\/v2\/product"}],"about":[{"href":"https:\/\/lightup.lv\/et\/wp-json\/wp\/v2\/types\/product"}],"wp:featuredmedia":[{"embeddable":true,"href":"https:\/\/lightup.lv\/et\/wp-json\/wp\/v2\/media\/36447"}],"wp:attachment":[{"href":"https:\/\/lightup.lv\/et\/wp-json\/wp\/v2\/media?parent=36446"}],"wp:term":[{"taxonomy":"product_brand","embeddable":true,"href":"https:\/\/lightup.lv\/et\/wp-json\/wp\/v2\/product_brand?post=36446"},{"taxonomy":"product_cat","embeddable":true,"href":"https:\/\/lightup.lv\/et\/wp-json\/wp\/v2\/product_cat?post=36446"},{"taxonomy":"product_tag","embeddable":true,"href":"https:\/\/lightup.lv\/et\/wp-json\/wp\/v2\/product_tag?post=36446"}],"curies":[{"name":"wp","href":"https:\/\/api.w.org\/{rel}","templated":true}]}}