{"id":36457,"date":"2025-07-25T15:55:06","date_gmt":"2025-07-25T13:55:06","guid":{"rendered":"https:\/\/lightup.lv\/?post_type=product&#038;p=36457"},"modified":"2025-09-17T10:21:52","modified_gmt":"2025-09-17T08:21:52","slug":"atputas-kresls-splendor-bruns","status":"publish","type":"product","link":"https:\/\/lightup.lv\/et\/tootekataloog\/atputas-kresls-splendor-bruns\/","title":{"rendered":"PLENDOR tugitool pruun"},"content":{"rendered":"<p>Kr\u0113sla augstums: 79 cm<br \/>\nTooli laius: 58 cm<br \/>\nKr\u0113sla dzi\u013cums: 58 cm<br \/>\nIstme k\u00f5rgus: 49 cm<br \/>\nV\u00e4rv: Pruun<br \/>\nMaterjal: kangas<br \/>\nVirnastatav: Ei<\/p>\n<p>ID 100107200<\/p>","protected":false},"excerpt":{"rendered":"<p>SPLENDOR atp\u016btas kr\u0113sls ir elegants un paman\u0101ms akcents jebkur\u0101 \u0113damistab\u0101. Tas piln\u012bb\u0101 apvilkts ar augstv\u0113rt\u012bgu audumu un veidots ikdienas lieto\u0161anai, nezaud\u0113jot komfortu. S\u0113dekl\u012b iestr\u0101d\u0101tas kabatas atsperes, kas nodro\u0161ina \u012bpa\u0161i \u0113rtu s\u0113d\u0113\u0161anu. SPLENDOR ir pieejams tikai k\u0101 atp\u016btas kr\u0113sls ar roku balstiem.<\/p>","protected":false},"featured_media":36458,"template":"","meta":{"_acf_changed":false},"product_brand":[],"product_cat":[28,119,38],"product_tag":[37],"class_list":{"0":"post-36457","1":"product","2":"type-product","3":"status-publish","4":"has-post-thumbnail","6":"product_cat-kresli","7":"product_cat-atputas-kresli-kresli","8":"product_cat-kresli-pie-galda","9":"product_tag-dan-form","11":"first","12":"instock","13":"shipping-taxable","14":"purchasable","15":"product-type-simple"},"acf":[],"_links":{"self":[{"href":"https:\/\/lightup.lv\/et\/wp-json\/wp\/v2\/product\/36457","targetHints":{"allow":["GET"]}}],"collection":[{"href":"https:\/\/lightup.lv\/et\/wp-json\/wp\/v2\/product"}],"about":[{"href":"https:\/\/lightup.lv\/et\/wp-json\/wp\/v2\/types\/product"}],"wp:featuredmedia":[{"embeddable":true,"href":"https:\/\/lightup.lv\/et\/wp-json\/wp\/v2\/media\/36458"}],"wp:attachment":[{"href":"https:\/\/lightup.lv\/et\/wp-json\/wp\/v2\/media?parent=36457"}],"wp:term":[{"taxonomy":"product_brand","embeddable":true,"href":"https:\/\/lightup.lv\/et\/wp-json\/wp\/v2\/product_brand?post=36457"},{"taxonomy":"product_cat","embeddable":true,"href":"https:\/\/lightup.lv\/et\/wp-json\/wp\/v2\/product_cat?post=36457"},{"taxonomy":"product_tag","embeddable":true,"href":"https:\/\/lightup.lv\/et\/wp-json\/wp\/v2\/product_tag?post=36457"}],"curies":[{"name":"wp","href":"https:\/\/api.w.org\/{rel}","templated":true}]}}