{"id":36517,"date":"2025-07-26T11:26:49","date_gmt":"2025-07-26T09:26:49","guid":{"rendered":"https:\/\/lightup.lv\/?post_type=product&#038;p=36517"},"modified":"2025-09-17T10:14:00","modified_gmt":"2025-09-17T08:14:00","slug":"kresls-zone-olivzals","status":"publish","type":"product","link":"https:\/\/lightup.lv\/et\/tootekataloog\/kresls-zone-olivzals\/","title":{"rendered":"Tool ZONE oliivroheline"},"content":{"rendered":"<p>Tooli k\u00f5rgus: 81 cm<br \/>\nTooli laius: 53 cm<br \/>\nTooli s\u00fcgavus: 58,5 cm<br \/>\nIstme k\u00f5rgus: 49,5 cm<br \/>\nKr\u0101sa: Ol\u012bvza\u013c\u0161<br \/>\nMaterjal: Kunstnahk<br \/>\nVirnastatav: Ei<\/p>\n<p>ID 100107401<\/p>","protected":false},"excerpt":{"rendered":"<p>ZONE on Skandinaavia disainiga tool, mis \u00fchendab vaoshoitud vormi tugeva visuaalse iseloomuga. Kumer seljatugi ja kergelt kaldus tagajalad annavad disainile elegantsi ja kergust.<\/p>","protected":false},"featured_media":36518,"template":"","meta":{"_acf_changed":false},"product_brand":[],"product_cat":[28,38],"product_tag":[37],"class_list":{"0":"post-36517","1":"product","2":"type-product","3":"status-publish","4":"has-post-thumbnail","6":"product_cat-kresli","7":"product_cat-kresli-pie-galda","8":"product_tag-dan-form","10":"first","11":"instock","12":"shipping-taxable","13":"purchasable","14":"product-type-simple"},"acf":[],"_links":{"self":[{"href":"https:\/\/lightup.lv\/et\/wp-json\/wp\/v2\/product\/36517","targetHints":{"allow":["GET"]}}],"collection":[{"href":"https:\/\/lightup.lv\/et\/wp-json\/wp\/v2\/product"}],"about":[{"href":"https:\/\/lightup.lv\/et\/wp-json\/wp\/v2\/types\/product"}],"wp:featuredmedia":[{"embeddable":true,"href":"https:\/\/lightup.lv\/et\/wp-json\/wp\/v2\/media\/36518"}],"wp:attachment":[{"href":"https:\/\/lightup.lv\/et\/wp-json\/wp\/v2\/media?parent=36517"}],"wp:term":[{"taxonomy":"product_brand","embeddable":true,"href":"https:\/\/lightup.lv\/et\/wp-json\/wp\/v2\/product_brand?post=36517"},{"taxonomy":"product_cat","embeddable":true,"href":"https:\/\/lightup.lv\/et\/wp-json\/wp\/v2\/product_cat?post=36517"},{"taxonomy":"product_tag","embeddable":true,"href":"https:\/\/lightup.lv\/et\/wp-json\/wp\/v2\/product_tag?post=36517"}],"curies":[{"name":"wp","href":"https:\/\/api.w.org\/{rel}","templated":true}]}}