{"id":36532,"date":"2025-07-26T11:56:13","date_gmt":"2025-07-26T09:56:13","guid":{"rendered":"https:\/\/lightup.lv\/?post_type=product&#038;p=36532"},"modified":"2025-09-17T10:09:14","modified_gmt":"2025-09-17T08:09:14","slug":"kresls-reboot-balts-bess","status":"publish","type":"product","link":"https:\/\/lightup.lv\/et\/precu-katalogs\/kresls-reboot-balts-bess\/","title":{"rendered":"Tool REBOOT valge\/bee\u017e"},"content":{"rendered":"<p>Tooli k\u00f5rgus: 78,5 cm<br \/>\nTooli laius: 57,5 cm<br \/>\nTooli s\u00fcgavus: 55 cm<br \/>\nIstme k\u00f5rgus: 47 cm<br \/>\nV\u00e4rv: Valge\/bee\u017e<br \/>\nMaterjal: kangas<br \/>\nVirnastatav: Ei<\/p>\n<p>ID 100107311<\/p>","protected":false},"excerpt":{"rendered":"<p>REBOOT tugitool on klassikalise silueti kaasaegne t\u00f5lgendus. \u00d5hukesed ja graatsilised jalad l\u00e4hevad sujuvalt \u00fcle seljatoele ja k\u00e4etugedele, luues kerge ja harmoonilise \u00fcldmulje koos l\u00e4bim\u00f5eldud funktsionaalsusega.<\/p>","protected":false},"featured_media":36533,"template":"","meta":{"_acf_changed":false},"product_brand":[],"product_cat":[28,119,38],"product_tag":[37],"class_list":{"0":"post-36532","1":"product","2":"type-product","3":"status-publish","4":"has-post-thumbnail","6":"product_cat-kresli","7":"product_cat-atputas-kresli-kresli","8":"product_cat-kresli-pie-galda","9":"product_tag-dan-form","11":"first","12":"instock","13":"shipping-taxable","14":"purchasable","15":"product-type-simple"},"acf":[],"_links":{"self":[{"href":"https:\/\/lightup.lv\/et\/wp-json\/wp\/v2\/product\/36532","targetHints":{"allow":["GET"]}}],"collection":[{"href":"https:\/\/lightup.lv\/et\/wp-json\/wp\/v2\/product"}],"about":[{"href":"https:\/\/lightup.lv\/et\/wp-json\/wp\/v2\/types\/product"}],"wp:featuredmedia":[{"embeddable":true,"href":"https:\/\/lightup.lv\/et\/wp-json\/wp\/v2\/media\/36533"}],"wp:attachment":[{"href":"https:\/\/lightup.lv\/et\/wp-json\/wp\/v2\/media?parent=36532"}],"wp:term":[{"taxonomy":"product_brand","embeddable":true,"href":"https:\/\/lightup.lv\/et\/wp-json\/wp\/v2\/product_brand?post=36532"},{"taxonomy":"product_cat","embeddable":true,"href":"https:\/\/lightup.lv\/et\/wp-json\/wp\/v2\/product_cat?post=36532"},{"taxonomy":"product_tag","embeddable":true,"href":"https:\/\/lightup.lv\/et\/wp-json\/wp\/v2\/product_tag?post=36532"}],"curies":[{"name":"t\u00f6\u00f6leht","href":"https:\/\/api.w.org\/{rel}","templated":true}]}}