{"id":36622,"date":"2025-07-31T11:58:51","date_gmt":"2025-07-31T09:58:51","guid":{"rendered":"https:\/\/lightup.lv\/?post_type=product&#038;p=36622"},"modified":"2025-09-17T09:59:16","modified_gmt":"2025-09-17T07:59:16","slug":"atputas-kresls-bae-bruns","status":"publish","type":"product","link":"https:\/\/lightup.lv\/et\/precu-katalogs\/atputas-kresls-bae-bruns\/","title":{"rendered":"Tugitool BAE pruun"},"content":{"rendered":"<p>Tooli k\u00f5rgus: 80 cm<br \/>\nTooli laius: 57 cm<br \/>\nTooli s\u00fcgavus: 61,5 cm<br \/>\nIstme k\u00f5rgus: 50,5 cm<br \/>\nV\u00e4rv: Pruun<br \/>\nMaterjal: kangas<br \/>\nVirnastatav: Ei<\/p>\n<p>ID 100209203<\/p>","protected":false},"excerpt":{"rendered":"<p>Mugav ja samal ajal v\u00e4ljendusrikas BAE tugitool paistab silma oma enesekindla iseloomuga. K\u00e4etoed on \u00f5rnalt \u00fcmarad ja moodustavad seljatoe elegantse j\u00e4tku. Polsterdatud iste taskuvedrudega tagab k\u00f5rge mugavuse, samas kui p\u00f6\u00f6rlev alus automaatse tagastusfunktsiooniga lisab mugavust.<\/p>","protected":false},"featured_media":36623,"template":"","meta":{"_acf_changed":false},"product_brand":[],"product_cat":[28,119,38,213],"product_tag":[37],"class_list":{"0":"post-36622","1":"product","2":"type-product","3":"status-publish","4":"has-post-thumbnail","6":"product_cat-kresli","7":"product_cat-atputas-kresli-kresli","8":"product_cat-kresli-pie-galda","9":"product_cat-salona-pieejams","10":"product_tag-dan-form","12":"first","13":"instock","14":"shipping-taxable","15":"purchasable","16":"product-type-simple"},"acf":[],"_links":{"self":[{"href":"https:\/\/lightup.lv\/et\/wp-json\/wp\/v2\/product\/36622","targetHints":{"allow":["GET"]}}],"collection":[{"href":"https:\/\/lightup.lv\/et\/wp-json\/wp\/v2\/product"}],"about":[{"href":"https:\/\/lightup.lv\/et\/wp-json\/wp\/v2\/types\/product"}],"wp:featuredmedia":[{"embeddable":true,"href":"https:\/\/lightup.lv\/et\/wp-json\/wp\/v2\/media\/36623"}],"wp:attachment":[{"href":"https:\/\/lightup.lv\/et\/wp-json\/wp\/v2\/media?parent=36622"}],"wp:term":[{"taxonomy":"product_brand","embeddable":true,"href":"https:\/\/lightup.lv\/et\/wp-json\/wp\/v2\/product_brand?post=36622"},{"taxonomy":"product_cat","embeddable":true,"href":"https:\/\/lightup.lv\/et\/wp-json\/wp\/v2\/product_cat?post=36622"},{"taxonomy":"product_tag","embeddable":true,"href":"https:\/\/lightup.lv\/et\/wp-json\/wp\/v2\/product_tag?post=36622"}],"curies":[{"name":"t\u00f6\u00f6leht","href":"https:\/\/api.w.org\/{rel}","templated":true}]}}