{"id":36659,"date":"2025-07-31T13:18:52","date_gmt":"2025-07-31T11:18:52","guid":{"rendered":"https:\/\/lightup.lv\/?post_type=product&#038;p=36659"},"modified":"2025-09-17T09:53:54","modified_gmt":"2025-09-17T07:53:54","slug":"pusbara-kresls-glam-olivzals-rotejoss","status":"publish","type":"product","link":"https:\/\/lightup.lv\/et\/precu-katalogs\/pusbara-kresls-glam-olivzals-rotejoss\/","title":{"rendered":"Baaritool GLAM oliivroheline, p\u00f6\u00f6rlev"},"content":{"rendered":"<p>Kr\u0113sla augstums: 94.5 cm<br \/>\nTooli laius: 49 cm<br \/>\nTooli s\u00fcgavus: 58 cm<br \/>\nS\u0113des augstums: 67.5 cm<br \/>\nV\u00e4rv: Oliivroheline<br \/>\nMaterjal: kangas<br \/>\nVirnastatav: Ei<\/p>\n<p>ID 300308303<\/p>","protected":false},"excerpt":{"rendered":"<p>GLAM pusb\u0101ra kr\u0113sls izce\u013cas ar eleganci un izsmalcin\u0101t\u012bbu.\u00a0 Maigi veidotais s\u0113deklis pie\u0161\u0137ir dizainam greznu raksturu, savuk\u0101rt sl\u012bpi novietot\u0101s k\u0101jas ar \u0113rtu autom\u0101tisk\u0101s atgrie\u0161an\u0101s funkciju nodro\u0161ina papildu praktiskumu. Stil\u012bgs un \u0113rts risin\u0101jums lieto\u0161anai pie virtuves virsm\u0101m vai zem\u0101kiem b\u0101ra galdiem. GLAM kolekcij\u0101 ietilpst kr\u0113sli, b\u0101ra un pusb\u0101ra kr\u0113sli, atp\u016btas kr\u0113sli, k\u0101ju balsti un biroja kr\u0113sli.<\/p>","protected":false},"featured_media":36660,"template":"","meta":{"_acf_changed":false},"product_brand":[],"product_cat":[28,41,213],"product_tag":[37],"class_list":{"0":"post-36659","1":"product","2":"type-product","3":"status-publish","4":"has-post-thumbnail","6":"product_cat-kresli","7":"product_cat-pusbara-kresli","8":"product_cat-salona-pieejams","9":"product_tag-dan-form","11":"first","12":"instock","13":"shipping-taxable","14":"purchasable","15":"product-type-simple"},"acf":[],"_links":{"self":[{"href":"https:\/\/lightup.lv\/et\/wp-json\/wp\/v2\/product\/36659","targetHints":{"allow":["GET"]}}],"collection":[{"href":"https:\/\/lightup.lv\/et\/wp-json\/wp\/v2\/product"}],"about":[{"href":"https:\/\/lightup.lv\/et\/wp-json\/wp\/v2\/types\/product"}],"wp:featuredmedia":[{"embeddable":true,"href":"https:\/\/lightup.lv\/et\/wp-json\/wp\/v2\/media\/36660"}],"wp:attachment":[{"href":"https:\/\/lightup.lv\/et\/wp-json\/wp\/v2\/media?parent=36659"}],"wp:term":[{"taxonomy":"product_brand","embeddable":true,"href":"https:\/\/lightup.lv\/et\/wp-json\/wp\/v2\/product_brand?post=36659"},{"taxonomy":"product_cat","embeddable":true,"href":"https:\/\/lightup.lv\/et\/wp-json\/wp\/v2\/product_cat?post=36659"},{"taxonomy":"product_tag","embeddable":true,"href":"https:\/\/lightup.lv\/et\/wp-json\/wp\/v2\/product_tag?post=36659"}],"curies":[{"name":"t\u00f6\u00f6leht","href":"https:\/\/api.w.org\/{rel}","templated":true}]}}