{"id":36731,"date":"2025-08-22T15:57:26","date_gmt":"2025-08-22T13:57:26","guid":{"rendered":"https:\/\/lightup.lv\/?post_type=product&#038;p=36731"},"modified":"2025-09-09T09:23:49","modified_gmt":"2025-09-09T07:23:49","slug":"dune-55-ripplambi-vari","status":"publish","type":"product","link":"https:\/\/lightup.lv\/et\/precu-katalogs\/dune-55-iekarinama-lampa-peleka\/","title":{"rendered":"DUNE 55 ripplamp, hall"},"content":{"rendered":"<p>LED, 5 W, 710 lm, 2700 K<br \/>\nK\u00f5rgus: 2000 max<br \/>\nL\u00e4bim\u00f5\u00f5t: 550 mm<br \/>\nV\u00e4rv: hall (RAL 7032)<br \/>\nMaterjal: <span class=\"Y2IQFc\" lang=\"lv\">Alumiinium\/pol\u00fckarbonaat<\/span><\/p>\n<p>ID A4831010PG<\/p>","protected":false},"excerpt":{"rendered":"<p>Arkoslight p\u00fc\u00fcab iga p\u00e4ev pakkuda teile parima v\u00f5imaliku kvaliteediga valgustust. Tooteid uuritakse hoolikalt, nende loomisel kasutatakse uusimaid tehnoloogiaid ning neid iseloomustab suurep\u00e4rane disain, mis vastab k\u00f5rgeimatele kvaliteedieesm\u00e4rkidele. Valgus on olnud ettev\u00f5tte p\u00f5hielement alates 1984. aastast, muutes klientide elu iga p\u00e4ev helgemaks.<\/p>","protected":false},"featured_media":36733,"template":"","meta":{"_acf_changed":false},"product_brand":[],"product_cat":[42,43],"product_tag":[123],"class_list":{"0":"post-36731","1":"product","2":"type-product","3":"status-publish","4":"has-post-thumbnail","6":"product_cat-apgaismojums","7":"product_cat-piekaramas-lampas","8":"product_tag-arkoslight","10":"first","11":"instock","12":"shipping-taxable","13":"purchasable","14":"product-type-simple"},"acf":[],"_links":{"self":[{"href":"https:\/\/lightup.lv\/et\/wp-json\/wp\/v2\/product\/36731","targetHints":{"allow":["GET"]}}],"collection":[{"href":"https:\/\/lightup.lv\/et\/wp-json\/wp\/v2\/product"}],"about":[{"href":"https:\/\/lightup.lv\/et\/wp-json\/wp\/v2\/types\/product"}],"wp:featuredmedia":[{"embeddable":true,"href":"https:\/\/lightup.lv\/et\/wp-json\/wp\/v2\/media\/36733"}],"wp:attachment":[{"href":"https:\/\/lightup.lv\/et\/wp-json\/wp\/v2\/media?parent=36731"}],"wp:term":[{"taxonomy":"product_brand","embeddable":true,"href":"https:\/\/lightup.lv\/et\/wp-json\/wp\/v2\/product_brand?post=36731"},{"taxonomy":"product_cat","embeddable":true,"href":"https:\/\/lightup.lv\/et\/wp-json\/wp\/v2\/product_cat?post=36731"},{"taxonomy":"product_tag","embeddable":true,"href":"https:\/\/lightup.lv\/et\/wp-json\/wp\/v2\/product_tag?post=36731"}],"curies":[{"name":"t\u00f6\u00f6leht","href":"https:\/\/api.w.org\/{rel}","templated":true}]}}