{"id":36769,"date":"2025-08-26T11:07:48","date_gmt":"2025-08-26T09:07:48","guid":{"rendered":"https:\/\/lightup.lv\/?post_type=product&#038;p=36769"},"modified":"2025-08-26T11:07:49","modified_gmt":"2025-08-26T09:07:49","slug":"sienas-lampa-doris-melna","status":"publish","type":"product","link":"https:\/\/lightup.lv\/et\/tootekataloog\/sienas-lampa-doris-melna\/","title":{"rendered":"Seinalamp Doris, must"},"content":{"rendered":"<p>LED 6W 220-240V<br \/>\n354 lm IP20 3000K<br \/>\nM\u00f5\u00f5dud: \u00d8: 15 S: 11,6 cm<\/p>\n<p>ID 9540282<\/p>","protected":false},"excerpt":{"rendered":"<p>Nova Luce on Kreeka valgustustootja, mis on pakkunud Kreeka ja Euroopa turgudele uuenduslikke ja esteetiliselt keerukaid valgusteid alates 2007. aastast. Disaini, kunsti ja \u00e4rikogemuse kombineerides loob ettev\u00f5te kaasaegseid ja kvaliteetseid lahendusi, mis muudavad valguse ligip\u00e4\u00e4setavaks, inspireerivaks ja muudavad ruumi eriliseks kohaks.<\/p>","protected":false},"featured_media":36770,"template":"","meta":{"_acf_changed":false},"product_brand":[],"product_cat":[42,49],"product_tag":[227],"class_list":{"0":"post-36769","1":"product","2":"type-product","3":"status-publish","4":"has-post-thumbnail","6":"product_cat-apgaismojums","7":"product_cat-sienas-lampas","8":"product_tag-nova-luce","10":"first","11":"instock","12":"shipping-taxable","13":"purchasable","14":"product-type-simple"},"acf":[],"_links":{"self":[{"href":"https:\/\/lightup.lv\/et\/wp-json\/wp\/v2\/product\/36769","targetHints":{"allow":["GET"]}}],"collection":[{"href":"https:\/\/lightup.lv\/et\/wp-json\/wp\/v2\/product"}],"about":[{"href":"https:\/\/lightup.lv\/et\/wp-json\/wp\/v2\/types\/product"}],"wp:featuredmedia":[{"embeddable":true,"href":"https:\/\/lightup.lv\/et\/wp-json\/wp\/v2\/media\/36770"}],"wp:attachment":[{"href":"https:\/\/lightup.lv\/et\/wp-json\/wp\/v2\/media?parent=36769"}],"wp:term":[{"taxonomy":"product_brand","embeddable":true,"href":"https:\/\/lightup.lv\/et\/wp-json\/wp\/v2\/product_brand?post=36769"},{"taxonomy":"product_cat","embeddable":true,"href":"https:\/\/lightup.lv\/et\/wp-json\/wp\/v2\/product_cat?post=36769"},{"taxonomy":"product_tag","embeddable":true,"href":"https:\/\/lightup.lv\/et\/wp-json\/wp\/v2\/product_tag?post=36769"}],"curies":[{"name":"wp","href":"https:\/\/api.w.org\/{rel}","templated":true}]}}