{"id":36780,"date":"2025-08-26T11:57:35","date_gmt":"2025-08-26T09:57:35","guid":{"rendered":"https:\/\/lightup.lv\/?post_type=product&#038;p=36780"},"modified":"2025-08-26T11:57:36","modified_gmt":"2025-08-26T09:57:36","slug":"seinalamp-hana-must","status":"publish","type":"product","link":"https:\/\/lightup.lv\/et\/tootekataloog\/seinalamp-hana-must\/","title":{"rendered":"Seinalamp Hana, must"},"content":{"rendered":"<p>LED-valgusti 6W 230V<br \/>\n540lm 3000K IP20 <span dir=\"auto\">V\u00e4rvierinded <\/span><span dir=\"auto\">90+<\/span><br \/>\nM\u00f5\u00f5tmed: L: 21,8, K: 21,2, \u00d8: 17,5 cm<br \/>\nV\u00e4rv: must<\/p>\n<p>ID W0303<\/p>","protected":false},"excerpt":{"rendered":"<p>Maxlight on ettev\u00f5te, millel on \u00fcle k\u00fcmne aasta kogemust valgustite pakkumisel, mis \u00fcllatavad ja inspireerivad julgete disainide ja l\u00f5putute paigutusv\u00f5imalustega. Pakume erinevates stiilides valgusteid, mis sobivad igasse disaini.<\/p>","protected":false},"featured_media":36781,"template":"","meta":{"_acf_changed":false},"product_brand":[],"product_cat":[42,49],"product_tag":[44],"class_list":{"0":"post-36780","1":"product","2":"type-product","3":"status-publish","4":"has-post-thumbnail","6":"product_cat-apgaismojums","7":"product_cat-sienas-lampas","8":"product_tag-maxlight","10":"first","11":"instock","12":"shipping-taxable","13":"purchasable","14":"product-type-simple"},"acf":[],"_links":{"self":[{"href":"https:\/\/lightup.lv\/et\/wp-json\/wp\/v2\/product\/36780","targetHints":{"allow":["GET"]}}],"collection":[{"href":"https:\/\/lightup.lv\/et\/wp-json\/wp\/v2\/product"}],"about":[{"href":"https:\/\/lightup.lv\/et\/wp-json\/wp\/v2\/types\/product"}],"wp:featuredmedia":[{"embeddable":true,"href":"https:\/\/lightup.lv\/et\/wp-json\/wp\/v2\/media\/36781"}],"wp:attachment":[{"href":"https:\/\/lightup.lv\/et\/wp-json\/wp\/v2\/media?parent=36780"}],"wp:term":[{"taxonomy":"product_brand","embeddable":true,"href":"https:\/\/lightup.lv\/et\/wp-json\/wp\/v2\/product_brand?post=36780"},{"taxonomy":"product_cat","embeddable":true,"href":"https:\/\/lightup.lv\/et\/wp-json\/wp\/v2\/product_cat?post=36780"},{"taxonomy":"product_tag","embeddable":true,"href":"https:\/\/lightup.lv\/et\/wp-json\/wp\/v2\/product_tag?post=36780"}],"curies":[{"name":"wp","href":"https:\/\/api.w.org\/{rel}","templated":true}]}}