{"id":36876,"date":"2025-09-09T12:29:09","date_gmt":"2025-09-09T10:29:09","guid":{"rendered":"https:\/\/lightup.lv\/?post_type=product&#038;p=36876"},"modified":"2025-09-09T13:08:31","modified_gmt":"2025-09-09T11:08:31","slug":"toopink-ja-ajam","status":"publish","type":"product","link":"https:\/\/lightup.lv\/et\/precu-katalogs\/darba-galds-ogi-drive\/","title":{"rendered":"T\u00f6\u00f6laud Ogi Drive, elektrilise k\u00f5rguse reguleerimisega"},"content":{"rendered":"<p>Elektrilise k\u00f5rguse reguleerimisega laud.<\/p>\n<p>Laua k\u00f5rgus: 720\u20131190 mm<br \/>\nLaua laius: 1200 mm<br \/>\nLaua s\u00fcgavus: 700 mm<br \/>\nV\u00e4rv: must, pruun<\/p>\n<p>Saadaval erinevates materjalides, v\u00e4rvides ja suurustes.<\/p>\n<p>ID BODS527<\/p>","protected":false},"excerpt":{"rendered":"<p data-start=\"67\" data-end=\"368\">Ogi Drive laud on ergonoomiline t\u00f6\u00f6jaam, mis kohandub erinevate inimeste vajadustega. Sellel on elektriline k\u00f5rguse reguleerimise s\u00fcsteem, mis v\u00f5imaldab lauda h\u00f5lpsalt iga kasutaja ja t\u00f6\u00f6 t\u00fc\u00fcbi j\u00e4rgi reguleerida. T\u00f6\u00f6tada saab nii istudes kui ka seistes, leevendades selga ja j\u00e4tkates samal ajal t\u00f6\u00f6d.<\/p>\n<p data-start=\"370\" data-end=\"600\">\u00dchte t\u00f6\u00f6kohta saab mugavalt kasutada mitu inimest.<br data-start=\"422\" data-end=\"425\" \/>T\u00e4nu lihtsale ja universaalsele disainile sobib Ogi Drive laud mitmesugustesse kontoritesse \u2013 nii p\u00fcsivate t\u00f6\u00f6jaamadega kontoritesse, \u00fchist\u00f6\u00f6ruumidesse kui ka hot-desk s\u00fcsteemidesse.<\/p>","protected":false},"featured_media":36877,"template":"","meta":{"_acf_changed":false},"product_brand":[],"product_cat":[22,165,101,103],"product_tag":[226],"class_list":{"0":"post-36876","1":"product","2":"type-product","3":"status-publish","4":"has-post-thumbnail","6":"product_cat-galdi","7":"product_cat-biroja-galdi","8":"product_cat-biroja-mebeles","9":"product_cat-darba-galdi","10":"product_tag-mdd","12":"first","13":"instock","14":"shipping-taxable","15":"purchasable","16":"product-type-simple"},"acf":[],"_links":{"self":[{"href":"https:\/\/lightup.lv\/et\/wp-json\/wp\/v2\/product\/36876","targetHints":{"allow":["GET"]}}],"collection":[{"href":"https:\/\/lightup.lv\/et\/wp-json\/wp\/v2\/product"}],"about":[{"href":"https:\/\/lightup.lv\/et\/wp-json\/wp\/v2\/types\/product"}],"wp:featuredmedia":[{"embeddable":true,"href":"https:\/\/lightup.lv\/et\/wp-json\/wp\/v2\/media\/36877"}],"wp:attachment":[{"href":"https:\/\/lightup.lv\/et\/wp-json\/wp\/v2\/media?parent=36876"}],"wp:term":[{"taxonomy":"product_brand","embeddable":true,"href":"https:\/\/lightup.lv\/et\/wp-json\/wp\/v2\/product_brand?post=36876"},{"taxonomy":"product_cat","embeddable":true,"href":"https:\/\/lightup.lv\/et\/wp-json\/wp\/v2\/product_cat?post=36876"},{"taxonomy":"product_tag","embeddable":true,"href":"https:\/\/lightup.lv\/et\/wp-json\/wp\/v2\/product_tag?post=36876"}],"curies":[{"name":"t\u00f6\u00f6leht","href":"https:\/\/api.w.org\/{rel}","templated":true}]}}