{"id":36883,"date":"2025-09-09T12:57:51","date_gmt":"2025-09-09T10:57:51","guid":{"rendered":"https:\/\/lightup.lv\/?post_type=product&#038;p=36883"},"modified":"2025-09-09T13:08:29","modified_gmt":"2025-09-09T11:08:29","slug":"darba-galds-viga","status":"publish","type":"product","link":"https:\/\/lightup.lv\/et\/tootekataloog\/darba-galds-viga\/","title":{"rendered":"T\u00f6\u00f6laud Viga, jalaga"},"content":{"rendered":"<p>Vad\u012bt\u0101ja galds ar pedest\u0101lu.<\/p>\n<p>Laua k\u00f5rgus: 740 mm<br \/>\nLaua laius: 1800 mm<br \/>\nLaua s\u00fcgavus: 1000 mm<br \/>\nV\u00e4rv: must, pruun<\/p>\n<p>Saadaval erinevates materjalides, v\u00e4rvides ja suurustes.<\/p>\n<p>ID V07LM<\/p>","protected":false},"excerpt":{"rendered":"<p data-start=\"80\" data-end=\"325\">Darba galds Viga ir veidots t\u0101, lai rad\u012btu atv\u0113rtu un draudz\u012bgu darba vidi \u2013 galds ir \u0113rts gan lietot\u0101jam, gan viesim. T\u0101 dizains ir funkcion\u0101ls un vienk\u0101r\u0161s, izvairoties no liekiem elementiem un p\u0101rslogotas darba vietas saj\u016btas.<\/p>\n<p data-start=\"327\" data-end=\"544\">Galds pieejams vair\u0101kos izm\u0113ros, ar iesp\u0113ju pievienot s\u0101nu skap\u012bti dokumentu un kancelejas piederumu glab\u0101\u0161anai. Pateicoties ikoniskajam alum\u012bnija sijas risin\u0101jumam, Viga galds ir vienlaikus viegls un \u013coti iztur\u012bgs.<\/p>","protected":false},"featured_media":36884,"template":"","meta":{"_acf_changed":false},"product_brand":[],"product_cat":[101,165,103,22],"product_tag":[226],"class_list":{"0":"post-36883","1":"product","2":"type-product","3":"status-publish","4":"has-post-thumbnail","6":"product_cat-biroja-mebeles","7":"product_cat-biroja-galdi","8":"product_cat-darba-galdi","9":"product_cat-galdi","10":"product_tag-mdd","12":"first","13":"instock","14":"shipping-taxable","15":"purchasable","16":"product-type-simple"},"acf":[],"_links":{"self":[{"href":"https:\/\/lightup.lv\/et\/wp-json\/wp\/v2\/product\/36883","targetHints":{"allow":["GET"]}}],"collection":[{"href":"https:\/\/lightup.lv\/et\/wp-json\/wp\/v2\/product"}],"about":[{"href":"https:\/\/lightup.lv\/et\/wp-json\/wp\/v2\/types\/product"}],"wp:featuredmedia":[{"embeddable":true,"href":"https:\/\/lightup.lv\/et\/wp-json\/wp\/v2\/media\/36884"}],"wp:attachment":[{"href":"https:\/\/lightup.lv\/et\/wp-json\/wp\/v2\/media?parent=36883"}],"wp:term":[{"taxonomy":"product_brand","embeddable":true,"href":"https:\/\/lightup.lv\/et\/wp-json\/wp\/v2\/product_brand?post=36883"},{"taxonomy":"product_cat","embeddable":true,"href":"https:\/\/lightup.lv\/et\/wp-json\/wp\/v2\/product_cat?post=36883"},{"taxonomy":"product_tag","embeddable":true,"href":"https:\/\/lightup.lv\/et\/wp-json\/wp\/v2\/product_tag?post=36883"}],"curies":[{"name":"wp","href":"https:\/\/api.w.org\/{rel}","templated":true}]}}