{"id":36892,"date":"2025-09-09T13:41:51","date_gmt":"2025-09-09T11:41:51","guid":{"rendered":"https:\/\/lightup.lv\/?post_type=product&#038;p=36892"},"modified":"2025-09-09T13:42:21","modified_gmt":"2025-09-09T11:42:21","slug":"toolaud-tema-juhile","status":"publish","type":"product","link":"https:\/\/lightup.lv\/et\/precu-katalogs\/darba-galds-viga-vaditajam\/","title":{"rendered":"T\u00f6\u00f6laud Viga juhile"},"content":{"rendered":"<p>Juhi laud.<\/p>\n<p>Laua k\u00f5rgus: 740 mm<br \/>\nLaua laius: 1800 mm<br \/>\nLaua s\u00fcgavus: 1000 mm<br \/>\nV\u00e4rv: must, pruun<\/p>\n<p>Saadaval erinevates materjalides, v\u00e4rvides ja suurustes.<\/p>\n<p>ID V03LM<\/p>","protected":false},"excerpt":{"rendered":"<p data-start=\"64\" data-end=\"307\">Viga juhilaud on loodud avatud ja s\u00f5braliku t\u00f6\u00f6koha loomiseks \u2013 pakkudes mugavust nii kasutajale kui ka k\u00fclalisele. Disain on funktsionaalne ja lihtne, v\u00e4ltides ebavajalikke elemente ja \u00fclekoormatud t\u00f6\u00f6keskkonda.<\/p>\n<p data-start=\"64\" data-end=\"307\">Laud on saadaval mitmes suuruses ning v\u00f5imalusega lisada k\u00fclgkapp dokumentide ja kirjatarvete hoidmiseks. Selle konstruktsioon p\u00f5hineb ikoonilisel pressitud alumiiniumtalal, mis annab lauale kerguse ja samal ajal suure vastupidavuse.<\/p>","protected":false},"featured_media":36897,"template":"","meta":{"_acf_changed":false},"product_brand":[],"product_cat":[101,165,103,22],"product_tag":[226],"class_list":{"0":"post-36892","1":"product","2":"type-product","3":"status-publish","4":"has-post-thumbnail","6":"product_cat-biroja-mebeles","7":"product_cat-biroja-galdi","8":"product_cat-darba-galdi","9":"product_cat-galdi","10":"product_tag-mdd","12":"first","13":"instock","14":"shipping-taxable","15":"purchasable","16":"product-type-simple"},"acf":[],"_links":{"self":[{"href":"https:\/\/lightup.lv\/et\/wp-json\/wp\/v2\/product\/36892","targetHints":{"allow":["GET"]}}],"collection":[{"href":"https:\/\/lightup.lv\/et\/wp-json\/wp\/v2\/product"}],"about":[{"href":"https:\/\/lightup.lv\/et\/wp-json\/wp\/v2\/types\/product"}],"wp:featuredmedia":[{"embeddable":true,"href":"https:\/\/lightup.lv\/et\/wp-json\/wp\/v2\/media\/36897"}],"wp:attachment":[{"href":"https:\/\/lightup.lv\/et\/wp-json\/wp\/v2\/media?parent=36892"}],"wp:term":[{"taxonomy":"product_brand","embeddable":true,"href":"https:\/\/lightup.lv\/et\/wp-json\/wp\/v2\/product_brand?post=36892"},{"taxonomy":"product_cat","embeddable":true,"href":"https:\/\/lightup.lv\/et\/wp-json\/wp\/v2\/product_cat?post=36892"},{"taxonomy":"product_tag","embeddable":true,"href":"https:\/\/lightup.lv\/et\/wp-json\/wp\/v2\/product_tag?post=36892"}],"curies":[{"name":"t\u00f6\u00f6leht","href":"https:\/\/api.w.org\/{rel}","templated":true}]}}