{"id":36920,"date":"2025-09-13T11:36:09","date_gmt":"2025-09-13T09:36:09","guid":{"rendered":"https:\/\/lightup.lv\/?post_type=product&#038;p=36920"},"modified":"2025-09-13T13:15:28","modified_gmt":"2025-09-13T11:15:28","slug":"kresls-ami","status":"publish","type":"product","link":"https:\/\/lightup.lv\/et\/precu-katalogs\/kresls-ami\/","title":{"rendered":"Tool Ami"},"content":{"rendered":"<p>Kr\u0113sla garums: 48 cm<\/p>\n<p>Kr\u0113sla platums: 47 cm<\/p>\n<p>Tooli k\u00f5rgus: 80 cm<\/p>\n<p>Tooli istme k\u00f5rgus: 47 cm<\/p>\n<p>Kr\u0113sla r\u0101mis no mas\u012bvkoka ar br\u016bnu lakotu ozolkoka apdari, s\u0113dvieta no iztur\u012bga b\u0113\u0161a polipropil\u0113na auduma.<br data-start=\"106\" data-end=\"109\" \/>Auduma sast\u0101vs: 100% polipropil\u0113ns.<\/p>\n<p>M\u00fc\u00fcakse ainult kahekaupa.<\/p>\n<p>ID: 113033<\/p>","protected":false},"excerpt":{"rendered":"<p>Ami kr\u0113sls no mas\u012bvkoka ar br\u016bnu lakotu ozolkoka apdari un iztur\u012bgu b\u0113\u0161as kr\u0101sas auduma s\u0113d\u012bti ir klasisks skandin\u0101vu dizaina koka kr\u0113sls. T\u0101 smalkais un laikmet\u012bgi aktu\u0101lais dizains padara Ami par vienu no Rowico Home popul\u0101r\u0101kajiem kr\u0113sliem. Turkl\u0101t kr\u0113sls ir FSC sertific\u0113ts, kas noz\u012bm\u0113, ka viss koks ir ieg\u016bts no atbild\u012bgi apsaimniekotiem me\u017eiem, r\u016bp\u0113joties gan par cilv\u0113kiem, gan vidi. Pieejams vair\u0101k\u0101s kr\u0101s\u0101s. P\u0101rdodas tikai 2 vien\u012bbu komplekt\u0101.<\/p>","protected":false},"featured_media":36958,"template":"","meta":{"_acf_changed":false},"product_brand":[],"product_cat":[28,38],"product_tag":[218],"class_list":{"0":"post-36920","1":"product","2":"type-product","3":"status-publish","4":"has-post-thumbnail","6":"product_cat-kresli","7":"product_cat-kresli-pie-galda","8":"product_tag-rowico","10":"first","11":"instock","12":"shipping-taxable","13":"purchasable","14":"product-type-simple"},"acf":[],"_links":{"self":[{"href":"https:\/\/lightup.lv\/et\/wp-json\/wp\/v2\/product\/36920","targetHints":{"allow":["GET"]}}],"collection":[{"href":"https:\/\/lightup.lv\/et\/wp-json\/wp\/v2\/product"}],"about":[{"href":"https:\/\/lightup.lv\/et\/wp-json\/wp\/v2\/types\/product"}],"wp:featuredmedia":[{"embeddable":true,"href":"https:\/\/lightup.lv\/et\/wp-json\/wp\/v2\/media\/36958"}],"wp:attachment":[{"href":"https:\/\/lightup.lv\/et\/wp-json\/wp\/v2\/media?parent=36920"}],"wp:term":[{"taxonomy":"product_brand","embeddable":true,"href":"https:\/\/lightup.lv\/et\/wp-json\/wp\/v2\/product_brand?post=36920"},{"taxonomy":"product_cat","embeddable":true,"href":"https:\/\/lightup.lv\/et\/wp-json\/wp\/v2\/product_cat?post=36920"},{"taxonomy":"product_tag","embeddable":true,"href":"https:\/\/lightup.lv\/et\/wp-json\/wp\/v2\/product_tag?post=36920"}],"curies":[{"name":"t\u00f6\u00f6leht","href":"https:\/\/api.w.org\/{rel}","templated":true}]}}