{"id":37036,"date":"2025-09-29T14:04:20","date_gmt":"2025-09-29T12:04:20","guid":{"rendered":"https:\/\/lightup.lv\/?post_type=product&#038;p=37036"},"modified":"2025-09-29T14:04:21","modified_gmt":"2025-09-29T12:04:21","slug":"magnetiline-kipsisiin-2m-2","status":"publish","type":"product","link":"https:\/\/lightup.lv\/et\/precu-katalogs\/virsapmetuma-magnetiska-sliede-2m-2\/","title":{"rendered":"Kipsplaadi magnetiline siin, 2m"},"content":{"rendered":"<p>Lk: 28<br \/>\nG: 2000<br \/>\nV: 50<br \/>\nV\u00e4rv: Valge<\/p>\n<p>ID: MT0019<\/p>","protected":false},"excerpt":{"rendered":"<p>Maxlight on ettev\u00f5te, millel on \u00fcle k\u00fcmne aasta kogemust valgustite pakkumisel, mis \u00fcllatavad ja inspireerivad julgete disainide ja l\u00f5putute paigutusv\u00f5imalustega. Pakume erinevates stiilides valgusteid, mis sobivad igasse disaini.<\/p>","protected":false},"featured_media":37037,"template":"","meta":{"_acf_changed":false},"product_brand":[],"product_cat":[42,217,219],"product_tag":[44],"class_list":{"0":"post-37036","1":"product","2":"type-product","3":"status-publish","4":"has-post-thumbnail","6":"product_cat-apgaismojums","7":"product_cat-magnetiskas-sliezu-sistemas-on-off","8":"product_cat-magnetiskas-sliezu-sistemas-zigbee","9":"product_tag-maxlight","11":"first","12":"instock","13":"shipping-taxable","14":"purchasable","15":"product-type-simple"},"acf":[],"_links":{"self":[{"href":"https:\/\/lightup.lv\/et\/wp-json\/wp\/v2\/product\/37036","targetHints":{"allow":["GET"]}}],"collection":[{"href":"https:\/\/lightup.lv\/et\/wp-json\/wp\/v2\/product"}],"about":[{"href":"https:\/\/lightup.lv\/et\/wp-json\/wp\/v2\/types\/product"}],"wp:featuredmedia":[{"embeddable":true,"href":"https:\/\/lightup.lv\/et\/wp-json\/wp\/v2\/media\/37037"}],"wp:attachment":[{"href":"https:\/\/lightup.lv\/et\/wp-json\/wp\/v2\/media?parent=37036"}],"wp:term":[{"taxonomy":"product_brand","embeddable":true,"href":"https:\/\/lightup.lv\/et\/wp-json\/wp\/v2\/product_brand?post=37036"},{"taxonomy":"product_cat","embeddable":true,"href":"https:\/\/lightup.lv\/et\/wp-json\/wp\/v2\/product_cat?post=37036"},{"taxonomy":"product_tag","embeddable":true,"href":"https:\/\/lightup.lv\/et\/wp-json\/wp\/v2\/product_tag?post=37036"}],"curies":[{"name":"t\u00f6\u00f6leht","href":"https:\/\/api.w.org\/{rel}","templated":true}]}}