{"id":37093,"date":"2025-10-03T10:09:11","date_gmt":"2025-10-03T08:09:11","guid":{"rendered":"https:\/\/lightup.lv\/?post_type=product&#038;p=37093"},"modified":"2025-10-03T10:09:13","modified_gmt":"2025-10-03T08:09:13","slug":"micro-magnetisko-sliezu-lampa-5w-on-off","status":"publish","type":"product","link":"https:\/\/lightup.lv\/et\/tootekataloog\/micro-magnetisko-sliezu-lampa-5w-on-off\/","title":{"rendered":"MICRO magn\u0113tisko slie\u017eu lampa, 5W ON\/OFF"},"content":{"rendered":"<p>LED, 5W, 3000K, 351lm<br \/>\n\u00d8: 50 mm<br \/>\nH: 79 mm<br \/>\nV\u00e4rv: must<br \/>\nSISSE\/V\u00c4LJA<br \/>\n! Pieejama ar\u012b ZIGBEE versija \u2013 iesp\u0113jams dimm\u0113t un regul\u0113t gaismas temperat\u016bru<\/p>\n<p>ID N0010N<\/p>","protected":false},"excerpt":{"rendered":"<p>Maxlight on ettev\u00f5te, millel on \u00fcle k\u00fcmne aasta kogemust valgustite pakkumisel, mis \u00fcllatavad ja inspireerivad julgete disainide ja l\u00f5putute paigutusv\u00f5imalustega, pakkudes erinevates stiilides valgusteid, mis sobivad igasse disaini.<\/p>","protected":false},"featured_media":37094,"template":"","meta":{"_acf_changed":false},"product_brand":[],"product_cat":[42,217],"product_tag":[44],"class_list":{"0":"post-37093","1":"product","2":"type-product","3":"status-publish","4":"has-post-thumbnail","6":"product_cat-apgaismojums","7":"product_cat-magnetiskas-sliezu-sistemas-on-off","8":"product_tag-maxlight","10":"first","11":"instock","12":"shipping-taxable","13":"purchasable","14":"product-type-simple"},"acf":[],"_links":{"self":[{"href":"https:\/\/lightup.lv\/et\/wp-json\/wp\/v2\/product\/37093","targetHints":{"allow":["GET"]}}],"collection":[{"href":"https:\/\/lightup.lv\/et\/wp-json\/wp\/v2\/product"}],"about":[{"href":"https:\/\/lightup.lv\/et\/wp-json\/wp\/v2\/types\/product"}],"wp:featuredmedia":[{"embeddable":true,"href":"https:\/\/lightup.lv\/et\/wp-json\/wp\/v2\/media\/37094"}],"wp:attachment":[{"href":"https:\/\/lightup.lv\/et\/wp-json\/wp\/v2\/media?parent=37093"}],"wp:term":[{"taxonomy":"product_brand","embeddable":true,"href":"https:\/\/lightup.lv\/et\/wp-json\/wp\/v2\/product_brand?post=37093"},{"taxonomy":"product_cat","embeddable":true,"href":"https:\/\/lightup.lv\/et\/wp-json\/wp\/v2\/product_cat?post=37093"},{"taxonomy":"product_tag","embeddable":true,"href":"https:\/\/lightup.lv\/et\/wp-json\/wp\/v2\/product_tag?post=37093"}],"curies":[{"name":"wp","href":"https:\/\/api.w.org\/{rel}","templated":true}]}}