{"id":37099,"date":"2025-10-03T10:26:39","date_gmt":"2025-10-03T08:26:39","guid":{"rendered":"https:\/\/lightup.lv\/?post_type=product&#038;p=37099"},"modified":"2025-10-03T16:12:50","modified_gmt":"2025-10-03T14:12:50","slug":"mikromagnetiline-lineaarne-lamp-12w-sisse-valja-lulitatud","status":"publish","type":"product","link":"https:\/\/lightup.lv\/et\/precu-katalogs\/micro-magnetisko-sliezu-lineara-lampa-line-12w-on-off\/","title":{"rendered":"MICRO magnetiline siinilamp Line, 12W SISSE\/V\u00c4LJA"},"content":{"rendered":"<p>LED 12W, 3000K, 244lm<br \/>\nL\u00e4bim\u00f5\u00f5t: 300 mm<br \/>\nLaius: 11 mm<br \/>\nK\u00f5rgus: 107 mm<br \/>\nV\u00e4rv: must<br \/>\nSISSE\/V\u00c4LJA<\/p>\n<p>ID N0008N<\/p>","protected":false},"excerpt":{"rendered":"<p>Maxlight on ettev\u00f5te, millel on \u00fcle k\u00fcmne aasta kogemust valgustite pakkumisel, mis \u00fcllatavad ja inspireerivad julgete disainide ja l\u00f5putute paigutusv\u00f5imalustega, pakkudes erinevates stiilides valgusteid, mis sobivad igasse disaini.<\/p>","protected":false},"featured_media":37100,"template":"","meta":{"_acf_changed":false},"product_brand":[],"product_cat":[42,217,213],"product_tag":[44],"class_list":{"0":"post-37099","1":"product","2":"type-product","3":"status-publish","4":"has-post-thumbnail","6":"product_cat-apgaismojums","7":"product_cat-magnetiskas-sliezu-sistemas-on-off","8":"product_cat-salona-pieejams","9":"product_tag-maxlight","11":"first","12":"instock","13":"shipping-taxable","14":"purchasable","15":"product-type-simple"},"acf":[],"_links":{"self":[{"href":"https:\/\/lightup.lv\/et\/wp-json\/wp\/v2\/product\/37099","targetHints":{"allow":["GET"]}}],"collection":[{"href":"https:\/\/lightup.lv\/et\/wp-json\/wp\/v2\/product"}],"about":[{"href":"https:\/\/lightup.lv\/et\/wp-json\/wp\/v2\/types\/product"}],"wp:featuredmedia":[{"embeddable":true,"href":"https:\/\/lightup.lv\/et\/wp-json\/wp\/v2\/media\/37100"}],"wp:attachment":[{"href":"https:\/\/lightup.lv\/et\/wp-json\/wp\/v2\/media?parent=37099"}],"wp:term":[{"taxonomy":"product_brand","embeddable":true,"href":"https:\/\/lightup.lv\/et\/wp-json\/wp\/v2\/product_brand?post=37099"},{"taxonomy":"product_cat","embeddable":true,"href":"https:\/\/lightup.lv\/et\/wp-json\/wp\/v2\/product_cat?post=37099"},{"taxonomy":"product_tag","embeddable":true,"href":"https:\/\/lightup.lv\/et\/wp-json\/wp\/v2\/product_tag?post=37099"}],"curies":[{"name":"t\u00f6\u00f6leht","href":"https:\/\/api.w.org\/{rel}","templated":true}]}}