{"id":37195,"date":"2026-01-15T15:25:33","date_gmt":"2026-01-15T13:25:33","guid":{"rendered":"https:\/\/lightup.lv\/?post_type=product&#038;p=37195"},"modified":"2026-01-15T15:28:05","modified_gmt":"2026-01-15T13:28:05","slug":"sienas-lampa-fayette-31-cm-ip44","status":"publish","type":"product","link":"https:\/\/lightup.lv\/et\/tootekataloog\/sienas-lampa-fayette-31-cm-ip44\/","title":{"rendered":"Sienas lampa Fayette 31 cm, IP44"},"content":{"rendered":"<p>LED 6W 3000K 390LM <strong>IP44<\/strong><br \/>\n\u00d8: 60 mm<br \/>\nH: 310 mm<br \/>\nV\u00e4rv: must<br \/>\nMateri\u0101ls: A<span class=\"Y2IQFc\" lang=\"lv\">lum\u012bnijs + PC + stikls<\/span><\/p>\n<p>ID W0363<\/p>","protected":false},"excerpt":{"rendered":"<p>Maxlight on ettev\u00f5te, millel on \u00fcle k\u00fcmne aasta kogemust valgustite pakkumisel, mis \u00fcllatavad ja inspireerivad julgete disainide ja l\u00f5putute paigutusv\u00f5imalustega, pakkudes erinevates stiilides valgusteid, mis sobivad igasse disaini.<\/p>","protected":false},"featured_media":37197,"template":"","meta":{"_acf_changed":false},"product_brand":[],"product_cat":[42,213,49],"product_tag":[44],"class_list":{"0":"post-37195","1":"product","2":"type-product","3":"status-publish","4":"has-post-thumbnail","6":"product_cat-apgaismojums","7":"product_cat-salona-pieejams","8":"product_cat-sienas-lampas","9":"product_tag-maxlight","11":"first","12":"instock","13":"shipping-taxable","14":"purchasable","15":"product-type-simple"},"acf":[],"_links":{"self":[{"href":"https:\/\/lightup.lv\/et\/wp-json\/wp\/v2\/product\/37195","targetHints":{"allow":["GET"]}}],"collection":[{"href":"https:\/\/lightup.lv\/et\/wp-json\/wp\/v2\/product"}],"about":[{"href":"https:\/\/lightup.lv\/et\/wp-json\/wp\/v2\/types\/product"}],"wp:featuredmedia":[{"embeddable":true,"href":"https:\/\/lightup.lv\/et\/wp-json\/wp\/v2\/media\/37197"}],"wp:attachment":[{"href":"https:\/\/lightup.lv\/et\/wp-json\/wp\/v2\/media?parent=37195"}],"wp:term":[{"taxonomy":"product_brand","embeddable":true,"href":"https:\/\/lightup.lv\/et\/wp-json\/wp\/v2\/product_brand?post=37195"},{"taxonomy":"product_cat","embeddable":true,"href":"https:\/\/lightup.lv\/et\/wp-json\/wp\/v2\/product_cat?post=37195"},{"taxonomy":"product_tag","embeddable":true,"href":"https:\/\/lightup.lv\/et\/wp-json\/wp\/v2\/product_tag?post=37195"}],"curies":[{"name":"wp","href":"https:\/\/api.w.org\/{rel}","templated":true}]}}