{"id":37201,"date":"2026-01-15T15:32:58","date_gmt":"2026-01-15T13:32:58","guid":{"rendered":"https:\/\/lightup.lv\/?post_type=product&#038;p=37201"},"modified":"2026-01-15T15:38:07","modified_gmt":"2026-01-15T13:38:07","slug":"sienas-lampa-lunaris-o16-cm","status":"publish","type":"product","link":"https:\/\/lightup.lv\/et\/tootekataloog\/sienas-lampa-lunaris-o16-cm\/","title":{"rendered":"Sienas lampa Lunaris, \u00d816 cm"},"content":{"rendered":"<p>LED 6W 3000K 307LM IP20<br \/>\n\u00d8: 160 mm<br \/>\nD: 120 mm<br \/>\nV\u00e4rv: Kuldne<br \/>\nMaterjal: metall<span class=\"Y2IQFc\" lang=\"lv\"> + stikls<\/span><br \/>\nPapildfunkcijas: Groz\u0101ma galvi\u0146a\/aba\u017e\u016brs<\/p>\n<p>ID W0424<\/p>","protected":false},"excerpt":{"rendered":"<p>Maxlight on ettev\u00f5te, millel on \u00fcle k\u00fcmne aasta kogemust valgustite pakkumisel, mis \u00fcllatavad ja inspireerivad julgete disainide ja l\u00f5putute paigutusv\u00f5imalustega, pakkudes erinevates stiilides valgusteid, mis sobivad igasse disaini.<\/p>","protected":false},"featured_media":37203,"template":"","meta":{"_acf_changed":false},"product_brand":[],"product_cat":[42,213,49],"product_tag":[44],"class_list":{"0":"post-37201","1":"product","2":"type-product","3":"status-publish","4":"has-post-thumbnail","6":"product_cat-apgaismojums","7":"product_cat-salona-pieejams","8":"product_cat-sienas-lampas","9":"product_tag-maxlight","11":"first","12":"instock","13":"shipping-taxable","14":"purchasable","15":"product-type-simple"},"acf":[],"_links":{"self":[{"href":"https:\/\/lightup.lv\/et\/wp-json\/wp\/v2\/product\/37201","targetHints":{"allow":["GET"]}}],"collection":[{"href":"https:\/\/lightup.lv\/et\/wp-json\/wp\/v2\/product"}],"about":[{"href":"https:\/\/lightup.lv\/et\/wp-json\/wp\/v2\/types\/product"}],"wp:featuredmedia":[{"embeddable":true,"href":"https:\/\/lightup.lv\/et\/wp-json\/wp\/v2\/media\/37203"}],"wp:attachment":[{"href":"https:\/\/lightup.lv\/et\/wp-json\/wp\/v2\/media?parent=37201"}],"wp:term":[{"taxonomy":"product_brand","embeddable":true,"href":"https:\/\/lightup.lv\/et\/wp-json\/wp\/v2\/product_brand?post=37201"},{"taxonomy":"product_cat","embeddable":true,"href":"https:\/\/lightup.lv\/et\/wp-json\/wp\/v2\/product_cat?post=37201"},{"taxonomy":"product_tag","embeddable":true,"href":"https:\/\/lightup.lv\/et\/wp-json\/wp\/v2\/product_tag?post=37201"}],"curies":[{"name":"wp","href":"https:\/\/api.w.org\/{rel}","templated":true}]}}