{"id":37206,"date":"2026-01-15T15:41:07","date_gmt":"2026-01-15T13:41:07","guid":{"rendered":"https:\/\/lightup.lv\/?post_type=product&#038;p=37206"},"modified":"2026-02-27T11:32:30","modified_gmt":"2026-02-27T09:32:30","slug":"sienas-lampa-nuvia-o18-cm","status":"publish","type":"product","link":"https:\/\/lightup.lv\/et\/tootekataloog\/sienas-lampa-nuvia-o18-cm\/","title":{"rendered":"Sienas lampa Nuvia, \u00d818 cm"},"content":{"rendered":"<p>LED 5W 450LM 3000K IP20<br \/>\n\u00d8: 180 mm<br \/>\nKr\u0101sa: Kr\u0113mkr\u0101sa + zelta<br \/>\nMateri\u0101ls: Alabastrs+ met\u0101ls<br \/>\nPapildfunkcijas: Groz\u0101ma galvi\u0146a<\/p>\n<p>ID W0397<\/p>","protected":false},"excerpt":{"rendered":"<p>Maxlight on ettev\u00f5te, millel on \u00fcle k\u00fcmne aasta kogemust valgustite pakkumisel, mis \u00fcllatavad ja inspireerivad julgete disainide ja l\u00f5putute paigutusv\u00f5imalustega, pakkudes erinevates stiilides valgusteid, mis sobivad igasse disaini.<\/p>","protected":false},"featured_media":37207,"template":"","meta":{"_acf_changed":false},"product_brand":[],"product_cat":[42,213,49],"product_tag":[44],"class_list":{"0":"post-37206","1":"product","2":"type-product","3":"status-publish","4":"has-post-thumbnail","6":"product_cat-apgaismojums","7":"product_cat-salona-pieejams","8":"product_cat-sienas-lampas","9":"product_tag-maxlight","11":"first","12":"instock","13":"sale","14":"shipping-taxable","15":"purchasable","16":"product-type-simple"},"acf":[],"_links":{"self":[{"href":"https:\/\/lightup.lv\/et\/wp-json\/wp\/v2\/product\/37206","targetHints":{"allow":["GET"]}}],"collection":[{"href":"https:\/\/lightup.lv\/et\/wp-json\/wp\/v2\/product"}],"about":[{"href":"https:\/\/lightup.lv\/et\/wp-json\/wp\/v2\/types\/product"}],"wp:featuredmedia":[{"embeddable":true,"href":"https:\/\/lightup.lv\/et\/wp-json\/wp\/v2\/media\/37207"}],"wp:attachment":[{"href":"https:\/\/lightup.lv\/et\/wp-json\/wp\/v2\/media?parent=37206"}],"wp:term":[{"taxonomy":"product_brand","embeddable":true,"href":"https:\/\/lightup.lv\/et\/wp-json\/wp\/v2\/product_brand?post=37206"},{"taxonomy":"product_cat","embeddable":true,"href":"https:\/\/lightup.lv\/et\/wp-json\/wp\/v2\/product_cat?post=37206"},{"taxonomy":"product_tag","embeddable":true,"href":"https:\/\/lightup.lv\/et\/wp-json\/wp\/v2\/product_tag?post=37206"}],"curies":[{"name":"wp","href":"https:\/\/api.w.org\/{rel}","templated":true}]}}