{"id":37231,"date":"2026-01-16T15:11:08","date_gmt":"2026-01-16T13:11:08","guid":{"rendered":"https:\/\/lightup.lv\/?post_type=product&#038;p=37231"},"modified":"2026-02-27T14:48:59","modified_gmt":"2026-02-27T12:48:59","slug":"iebuvejama-lampa-nebris-10w","status":"publish","type":"product","link":"https:\/\/lightup.lv\/et\/tootekataloog\/iebuvejama-lampa-nebris-10w\/","title":{"rendered":"Ieb\u016bv\u0113jama lampa Nebris 10W"},"content":{"rendered":"<p class=\"page-header\">LED 10W, 3000K, 1000lm<br \/>\nIP20<br \/>\nM\u00f5\u00f5tmed: \u00d8: 85, K: 45 mm<br \/>\nKr\u0101sa: Balta<\/p>\n<p>ID <span dir=\"auto\">H0141<\/span><\/p>","protected":false},"excerpt":{"rendered":"<p>Maxlight on ettev\u00f5te, millel on \u00fcle k\u00fcmne aasta kogemust valgustite pakkumisel, mis \u00fcllatavad ja inspireerivad julgete disainide ja l\u00f5putute paigutusv\u00f5imalustega, pakkudes erinevates stiilides valgusteid, mis sobivad igasse disaini.<\/p>","protected":false},"featured_media":37232,"template":"","meta":{"_acf_changed":false},"product_brand":[],"product_cat":[42,86,213],"product_tag":[44],"class_list":{"0":"post-37231","1":"product","2":"type-product","3":"status-publish","4":"has-post-thumbnail","6":"product_cat-apgaismojums","7":"product_cat-iebuvejamais-apgaismojums","8":"product_cat-salona-pieejams","9":"product_tag-maxlight","11":"first","12":"instock","13":"shipping-taxable","14":"purchasable","15":"product-type-simple"},"acf":[],"_links":{"self":[{"href":"https:\/\/lightup.lv\/et\/wp-json\/wp\/v2\/product\/37231","targetHints":{"allow":["GET"]}}],"collection":[{"href":"https:\/\/lightup.lv\/et\/wp-json\/wp\/v2\/product"}],"about":[{"href":"https:\/\/lightup.lv\/et\/wp-json\/wp\/v2\/types\/product"}],"wp:featuredmedia":[{"embeddable":true,"href":"https:\/\/lightup.lv\/et\/wp-json\/wp\/v2\/media\/37232"}],"wp:attachment":[{"href":"https:\/\/lightup.lv\/et\/wp-json\/wp\/v2\/media?parent=37231"}],"wp:term":[{"taxonomy":"product_brand","embeddable":true,"href":"https:\/\/lightup.lv\/et\/wp-json\/wp\/v2\/product_brand?post=37231"},{"taxonomy":"product_cat","embeddable":true,"href":"https:\/\/lightup.lv\/et\/wp-json\/wp\/v2\/product_cat?post=37231"},{"taxonomy":"product_tag","embeddable":true,"href":"https:\/\/lightup.lv\/et\/wp-json\/wp\/v2\/product_tag?post=37231"}],"curies":[{"name":"wp","href":"https:\/\/api.w.org\/{rel}","templated":true}]}}