{"id":37236,"date":"2026-01-26T15:52:45","date_gmt":"2026-01-26T13:52:45","guid":{"rendered":"https:\/\/lightup.lv\/?post_type=product&#038;p=37236"},"modified":"2026-04-11T11:42:05","modified_gmt":"2026-04-11T09:42:05","slug":"griestu-lampa-lumos-24w-ip44","status":"publish","type":"product","link":"https:\/\/lightup.lv\/et\/tootekataloog\/griestu-lampa-lumos-24w-ip44\/","title":{"rendered":"Griestu lampa Lumos 24W, IP44"},"content":{"rendered":"<p>LED 24W, 2040LM, 3000K, 3000\/4000\/6000K, <strong>IP44<\/strong><br \/>\n<span dir=\"auto\">H: 50 mm <\/span><span dir=\"auto\">,<\/span><span dir=\"auto\"> \u00d8: 300 mm<\/span><br \/>\nKr\u0101sa: Balta<br \/>\nMateri\u0101ls: Plastmasa<\/p>\n<p>ID C0271<\/p>","protected":false},"excerpt":{"rendered":"<p>Maxlight on ettev\u00f5te, millel on \u00fcle k\u00fcmne aasta kogemust valgustite pakkumisel, mis \u00fcllatavad ja inspireerivad julgete disainide ja l\u00f5putute paigutusv\u00f5imalustega, pakkudes erinevates stiilides valgusteid, mis sobivad igasse disaini.<\/p>","protected":false},"featured_media":37238,"template":"","meta":{"_acf_changed":false},"product_brand":[],"product_cat":[42,54],"product_tag":[44],"class_list":{"0":"post-37236","1":"product","2":"type-product","3":"status-publish","4":"has-post-thumbnail","6":"product_cat-apgaismojums","7":"product_cat-griestu-lampas","8":"product_tag-maxlight","10":"first","11":"instock","12":"shipping-taxable","13":"purchasable","14":"product-type-simple"},"acf":[],"_links":{"self":[{"href":"https:\/\/lightup.lv\/et\/wp-json\/wp\/v2\/product\/37236","targetHints":{"allow":["GET"]}}],"collection":[{"href":"https:\/\/lightup.lv\/et\/wp-json\/wp\/v2\/product"}],"about":[{"href":"https:\/\/lightup.lv\/et\/wp-json\/wp\/v2\/types\/product"}],"wp:featuredmedia":[{"embeddable":true,"href":"https:\/\/lightup.lv\/et\/wp-json\/wp\/v2\/media\/37238"}],"wp:attachment":[{"href":"https:\/\/lightup.lv\/et\/wp-json\/wp\/v2\/media?parent=37236"}],"wp:term":[{"taxonomy":"product_brand","embeddable":true,"href":"https:\/\/lightup.lv\/et\/wp-json\/wp\/v2\/product_brand?post=37236"},{"taxonomy":"product_cat","embeddable":true,"href":"https:\/\/lightup.lv\/et\/wp-json\/wp\/v2\/product_cat?post=37236"},{"taxonomy":"product_tag","embeddable":true,"href":"https:\/\/lightup.lv\/et\/wp-json\/wp\/v2\/product_tag?post=37236"}],"curies":[{"name":"wp","href":"https:\/\/api.w.org\/{rel}","templated":true}]}}