{"id":37254,"date":"2026-01-26T16:25:59","date_gmt":"2026-01-26T14:25:59","guid":{"rendered":"https:\/\/lightup.lv\/?post_type=product&#038;p=37254"},"modified":"2026-01-26T16:34:36","modified_gmt":"2026-01-26T14:34:36","slug":"iekarinama-lampa-jo-jo-modern-zelta","status":"publish","type":"product","link":"https:\/\/lightup.lv\/et\/tootekataloog\/iekarinama-lampa-jo-jo-modern-zelta\/","title":{"rendered":"Iekarin\u0101ma lampa Jo-Jo Modern, zelta"},"content":{"rendered":"<p>LED 40W, 3845LM, 2700-5500K, IP20, Dimm\u0113jama<br \/>\n<span dir=\"auto\">Izm\u0113ri: G: 1240<\/span><span dir=\"auto\">,<\/span><span dir=\"auto\"> H: 1950 mm<\/span><br \/>\nKr\u0101sa: Melna+zelta<br \/>\nMaterjal: metall<\/p>\n<p>ID <span dir=\"auto\">P0596<\/span><\/p>","protected":false},"excerpt":{"rendered":"<p>Maxlight on ettev\u00f5te, millel on \u00fcle k\u00fcmne aasta kogemust valgustite pakkumisel, mis \u00fcllatavad ja inspireerivad julgete disainide ja l\u00f5putute paigutusv\u00f5imalustega, pakkudes erinevates stiilides valgusteid, mis sobivad igasse disaini.<\/p>","protected":false},"featured_media":37255,"template":"","meta":{"_acf_changed":false},"product_brand":[],"product_cat":[42,43],"product_tag":[44],"class_list":{"0":"post-37254","1":"product","2":"type-product","3":"status-publish","4":"has-post-thumbnail","6":"product_cat-apgaismojums","7":"product_cat-piekaramas-lampas","8":"product_tag-maxlight","10":"first","11":"instock","12":"shipping-taxable","13":"purchasable","14":"product-type-simple"},"acf":[],"_links":{"self":[{"href":"https:\/\/lightup.lv\/et\/wp-json\/wp\/v2\/product\/37254","targetHints":{"allow":["GET"]}}],"collection":[{"href":"https:\/\/lightup.lv\/et\/wp-json\/wp\/v2\/product"}],"about":[{"href":"https:\/\/lightup.lv\/et\/wp-json\/wp\/v2\/types\/product"}],"wp:featuredmedia":[{"embeddable":true,"href":"https:\/\/lightup.lv\/et\/wp-json\/wp\/v2\/media\/37255"}],"wp:attachment":[{"href":"https:\/\/lightup.lv\/et\/wp-json\/wp\/v2\/media?parent=37254"}],"wp:term":[{"taxonomy":"product_brand","embeddable":true,"href":"https:\/\/lightup.lv\/et\/wp-json\/wp\/v2\/product_brand?post=37254"},{"taxonomy":"product_cat","embeddable":true,"href":"https:\/\/lightup.lv\/et\/wp-json\/wp\/v2\/product_cat?post=37254"},{"taxonomy":"product_tag","embeddable":true,"href":"https:\/\/lightup.lv\/et\/wp-json\/wp\/v2\/product_tag?post=37254"}],"curies":[{"name":"wp","href":"https:\/\/api.w.org\/{rel}","templated":true}]}}