{"id":37259,"date":"2026-01-26T16:56:39","date_gmt":"2026-01-26T14:56:39","guid":{"rendered":"https:\/\/lightup.lv\/?post_type=product&#038;p=37259"},"modified":"2026-01-26T16:56:44","modified_gmt":"2026-01-26T14:56:44","slug":"iekarinama-lampa-jo-jo-simple-peleka","status":"publish","type":"product","link":"https:\/\/lightup.lv\/et\/tootekataloog\/iekarinama-lampa-jo-jo-simple-peleka\/","title":{"rendered":"Iekarin\u0101ma lampa Jo-Jo Simple, pel\u0113ka"},"content":{"rendered":"<p>LED 38W, 3420LM, 2700-5500K,\u00a0IP20, Dimm\u0113jama<br \/>\n<span dir=\"auto\">Izm\u0113ri: G: 1240<\/span><span dir=\"auto\">,<\/span><span dir=\"auto\"> H: 1950 mm<\/span><br \/>\nKr\u0101sa: Melna+pel\u0113ka<br \/>\nMaterjal: metall<\/p>\n<p>ID P0595<\/p>","protected":false},"excerpt":{"rendered":"<p>Maxlight on ettev\u00f5te, millel on \u00fcle k\u00fcmne aasta kogemust valgustite pakkumisel, mis \u00fcllatavad ja inspireerivad julgete disainide ja l\u00f5putute paigutusv\u00f5imalustega, pakkudes erinevates stiilides valgusteid, mis sobivad igasse disaini.<\/p>","protected":false},"featured_media":37260,"template":"","meta":{"_acf_changed":false},"product_brand":[],"product_cat":[42,43],"product_tag":[230],"class_list":{"0":"post-37259","1":"product","2":"type-product","3":"status-publish","4":"has-post-thumbnail","6":"product_cat-apgaismojums","7":"product_cat-piekaramas-lampas","8":"product_tag-max","10":"first","11":"instock","12":"shipping-taxable","13":"purchasable","14":"product-type-simple"},"acf":[],"_links":{"self":[{"href":"https:\/\/lightup.lv\/et\/wp-json\/wp\/v2\/product\/37259","targetHints":{"allow":["GET"]}}],"collection":[{"href":"https:\/\/lightup.lv\/et\/wp-json\/wp\/v2\/product"}],"about":[{"href":"https:\/\/lightup.lv\/et\/wp-json\/wp\/v2\/types\/product"}],"wp:featuredmedia":[{"embeddable":true,"href":"https:\/\/lightup.lv\/et\/wp-json\/wp\/v2\/media\/37260"}],"wp:attachment":[{"href":"https:\/\/lightup.lv\/et\/wp-json\/wp\/v2\/media?parent=37259"}],"wp:term":[{"taxonomy":"product_brand","embeddable":true,"href":"https:\/\/lightup.lv\/et\/wp-json\/wp\/v2\/product_brand?post=37259"},{"taxonomy":"product_cat","embeddable":true,"href":"https:\/\/lightup.lv\/et\/wp-json\/wp\/v2\/product_cat?post=37259"},{"taxonomy":"product_tag","embeddable":true,"href":"https:\/\/lightup.lv\/et\/wp-json\/wp\/v2\/product_tag?post=37259"}],"curies":[{"name":"wp","href":"https:\/\/api.w.org\/{rel}","templated":true}]}}