{"id":37385,"date":"2026-03-13T14:25:06","date_gmt":"2026-03-13T12:25:06","guid":{"rendered":"https:\/\/lightup.lv\/?post_type=product&#038;p=37385"},"modified":"2026-03-13T14:25:09","modified_gmt":"2026-03-13T12:25:09","slug":"kresls-buckle-bess","status":"publish","type":"product","link":"https:\/\/lightup.lv\/et\/tootekataloog\/kresls-buckle-bess\/","title":{"rendered":"Kr\u0113sls BUCKLE, b\u0113\u0161s"},"content":{"rendered":"<p>Kr\u0113sla augstums: 82,5 cm<br \/>\nTooli laius: 57 cm<br \/>\nKr\u0113sla dzi\u013cums: 58,5 cm<br \/>\nS\u0113des augstums: 47.5 cm<br \/>\nKr\u0101sa: B<span class=\"Y2IQFc\" lang=\"lv\">\u0113\u0161a<\/span><br \/>\nMateri\u0101ls: B<span class=\"Y2IQFc\" lang=\"lv\">ukl\u0113 audums, valrieksta mas\u012bvkoks un finieris<\/span><br \/>\n<em><span class=\"Y2IQFc\" lang=\"lv\">(Frosted almond boucl\u00e9 fabric)<\/span><\/em><br \/>\nVirnastatav: Ei<\/p>\n<p>ID 100300103<\/p>","protected":false},"excerpt":{"rendered":"<p>Fut\u016bristisk\u0101s elegances dizaina kr\u0113sls BUCKLE izce\u013cas ar form\u0113t\u0101 koka atzveltnes balstu, kas rada viegluma un gais\u012bguma saj\u016btu. Mas\u012bvkoka k\u0101jas papildina izsmalcin\u0101to dizainu, padarot to vizu\u0101li pievilc\u012bgu un \u012bpa\u0161u.<\/p>","protected":false},"featured_media":37387,"template":"","meta":{"_acf_changed":false},"product_brand":[],"product_cat":[28,38],"product_tag":[37],"class_list":{"0":"post-37385","1":"product","2":"type-product","3":"status-publish","4":"has-post-thumbnail","6":"product_cat-kresli","7":"product_cat-kresli-pie-galda","8":"product_tag-dan-form","10":"first","11":"instock","12":"shipping-taxable","13":"purchasable","14":"product-type-simple"},"acf":[],"_links":{"self":[{"href":"https:\/\/lightup.lv\/et\/wp-json\/wp\/v2\/product\/37385","targetHints":{"allow":["GET"]}}],"collection":[{"href":"https:\/\/lightup.lv\/et\/wp-json\/wp\/v2\/product"}],"about":[{"href":"https:\/\/lightup.lv\/et\/wp-json\/wp\/v2\/types\/product"}],"wp:featuredmedia":[{"embeddable":true,"href":"https:\/\/lightup.lv\/et\/wp-json\/wp\/v2\/media\/37387"}],"wp:attachment":[{"href":"https:\/\/lightup.lv\/et\/wp-json\/wp\/v2\/media?parent=37385"}],"wp:term":[{"taxonomy":"product_brand","embeddable":true,"href":"https:\/\/lightup.lv\/et\/wp-json\/wp\/v2\/product_brand?post=37385"},{"taxonomy":"product_cat","embeddable":true,"href":"https:\/\/lightup.lv\/et\/wp-json\/wp\/v2\/product_cat?post=37385"},{"taxonomy":"product_tag","embeddable":true,"href":"https:\/\/lightup.lv\/et\/wp-json\/wp\/v2\/product_tag?post=37385"}],"curies":[{"name":"wp","href":"https:\/\/api.w.org\/{rel}","templated":true}]}}