{"id":37394,"date":"2026-03-13T14:33:03","date_gmt":"2026-03-13T12:33:03","guid":{"rendered":"https:\/\/lightup.lv\/?post_type=product&#038;p=37394"},"modified":"2026-03-13T14:43:18","modified_gmt":"2026-03-13T12:43:18","slug":"kresls-buckle-gaisi-peleks","status":"publish","type":"product","link":"https:\/\/lightup.lv\/et\/tootekataloog\/kresls-buckle-gaisi-peleks\/","title":{"rendered":"Kr\u0113sls BUCKLE, gai\u0161i pel\u0113ks"},"content":{"rendered":"<p>Kr\u0113sla augstums: 82,5 cm<br \/>\nTooli laius: 57 cm<br \/>\nKr\u0113sla dzi\u013cums: 58,5 cm<br \/>\nS\u0113des augstums: 47.5 cm<br \/>\nKr\u0101sa: Gai\u0161i pel\u0113ka<br \/>\nMateri\u0101ls: B<span class=\"Y2IQFc\" lang=\"lv\">ukl\u0113 audums, ozola mas\u012bvkoks un finieris<\/span><br \/>\n<em><span class=\"Y2IQFc\" lang=\"lv\">(Pebble earth boucl\u00e9 fabric)<\/span><\/em><br \/>\nVirnastatav: Ei<\/p>\n<p>ID 100300101<\/p>","protected":false},"excerpt":{"rendered":"<p>Fut\u016bristisk\u0101s elegances dizaina kr\u0113sls BUCKLE izce\u013cas ar form\u0113t\u0101 koka atzveltnes balstu, kas rada viegluma un gais\u012bguma saj\u016btu. Mas\u012bvkoka k\u0101jas papildina izsmalcin\u0101to dizainu, padarot to vizu\u0101li pievilc\u012bgu un \u012bpa\u0161u.<\/p>","protected":false},"featured_media":37395,"template":"","meta":{"_acf_changed":false},"product_brand":[],"product_cat":[28,38],"product_tag":[37],"class_list":{"0":"post-37394","1":"product","2":"type-product","3":"status-publish","4":"has-post-thumbnail","6":"product_cat-kresli","7":"product_cat-kresli-pie-galda","8":"product_tag-dan-form","10":"first","11":"instock","12":"shipping-taxable","13":"purchasable","14":"product-type-simple"},"acf":[],"_links":{"self":[{"href":"https:\/\/lightup.lv\/et\/wp-json\/wp\/v2\/product\/37394","targetHints":{"allow":["GET"]}}],"collection":[{"href":"https:\/\/lightup.lv\/et\/wp-json\/wp\/v2\/product"}],"about":[{"href":"https:\/\/lightup.lv\/et\/wp-json\/wp\/v2\/types\/product"}],"wp:featuredmedia":[{"embeddable":true,"href":"https:\/\/lightup.lv\/et\/wp-json\/wp\/v2\/media\/37395"}],"wp:attachment":[{"href":"https:\/\/lightup.lv\/et\/wp-json\/wp\/v2\/media?parent=37394"}],"wp:term":[{"taxonomy":"product_brand","embeddable":true,"href":"https:\/\/lightup.lv\/et\/wp-json\/wp\/v2\/product_brand?post=37394"},{"taxonomy":"product_cat","embeddable":true,"href":"https:\/\/lightup.lv\/et\/wp-json\/wp\/v2\/product_cat?post=37394"},{"taxonomy":"product_tag","embeddable":true,"href":"https:\/\/lightup.lv\/et\/wp-json\/wp\/v2\/product_tag?post=37394"}],"curies":[{"name":"wp","href":"https:\/\/api.w.org\/{rel}","templated":true}]}}