{"id":38154,"date":"2026-04-10T15:43:43","date_gmt":"2026-04-10T13:43:43","guid":{"rendered":"https:\/\/lightup.lv\/?post_type=product&#038;p=38154"},"modified":"2026-04-10T15:47:06","modified_gmt":"2026-04-10T13:47:06","slug":"kafijas-galdins-brene","status":"publish","type":"product","link":"https:\/\/lightup.lv\/et\/tootekataloog\/kafijas-galdins-brene\/","title":{"rendered":"Kafijas galdi\u0146\u0161 BRENE"},"content":{"rendered":"<p>Galda augstums: 40.5 cm<br \/>\nGalda platums: 79.5 cm<br \/>\nGalda dzi\u013cums: 79.5 cm<br \/>\n<span class=\"HwtZe\" lang=\"lv\"><span class=\"jCAhz JxVs2d ChMk0b\"><span class=\"ryNqvb\">Materi\u0101ls: Plastmasa<\/span><\/span><\/span><br \/>\n<span class=\"HwtZe\" lang=\"lv\"><span class=\"jCAhz JxVs2d ChMk0b\"><span class=\"ryNqvb\">Kr\u0101su vari\u0101cijas: Melna, balta, b\u0113\u0161a, pel\u0113ka, za\u013ca, sarkana.<\/span><\/span><\/span><br \/>\n<span class=\"HwtZe\" lang=\"lv\"><span class=\"jCAhz JxVs2d ChMk0b\"><span class=\"ryNqvb\">Kasutamine: sise-\/v\u00e4listingimustes<\/span><\/span><\/span><\/p>\n<p>ID FBRS884<\/p>","protected":false},"excerpt":{"rendered":"<p>Ferne ir inovat\u012bvs po\u013cu z\u012bmols, kas specializ\u0113jas augstv\u0113rt\u012bgu polim\u0113ra m\u0113be\u013cu ra\u017eo\u0161an\u0101, apvienojot modernu dizainu ar ilgtsp\u0113j\u012bbu. Uz\u0146\u0113mums\u00a0pied\u0101v\u0101 ergonomiskus, 100% p\u0101rstr\u0101d\u0101jamus kr\u0113slus un galdus, kas ir iztur\u012bgi pret laikapst\u0101k\u013ciem un piem\u0113roti gan stil\u012bgiem m\u0101jok\u013cu interjeriem, gan d\u0101rziem un komerci\u0101l\u0101m telp\u0101m. Z\u012bmola kvalit\u0101ti apliecina starptautiski apbalvojumi, piem\u0113ram, <i data-path-to-node=\"0\" data-index-in-node=\"434\">iF Design Award<\/i>, un to kolekcijas izce\u013cas ar vieglumu, funkcionalit\u0101ti un Dienvidpolijas m\u0113be\u013cu ra\u017eo\u0161anas trad\u012bciju iedvesmotu est\u0113tiku.<\/p>","protected":false},"featured_media":38155,"template":"","meta":{"_acf_changed":false},"product_brand":[],"product_cat":[50,213,60],"product_tag":[233],"class_list":{"0":"post-38154","1":"product","2":"type-product","3":"status-publish","4":"has-post-thumbnail","6":"product_cat-terases-mebeles","7":"product_cat-salona-pieejams","8":"product_cat-kafijas-galdini","9":"product_tag-ferne","11":"first","12":"instock","13":"shipping-taxable","14":"purchasable","15":"product-type-simple"},"acf":[],"_links":{"self":[{"href":"https:\/\/lightup.lv\/et\/wp-json\/wp\/v2\/product\/38154","targetHints":{"allow":["GET"]}}],"collection":[{"href":"https:\/\/lightup.lv\/et\/wp-json\/wp\/v2\/product"}],"about":[{"href":"https:\/\/lightup.lv\/et\/wp-json\/wp\/v2\/types\/product"}],"wp:featuredmedia":[{"embeddable":true,"href":"https:\/\/lightup.lv\/et\/wp-json\/wp\/v2\/media\/38155"}],"wp:attachment":[{"href":"https:\/\/lightup.lv\/et\/wp-json\/wp\/v2\/media?parent=38154"}],"wp:term":[{"taxonomy":"product_brand","embeddable":true,"href":"https:\/\/lightup.lv\/et\/wp-json\/wp\/v2\/product_brand?post=38154"},{"taxonomy":"product_cat","embeddable":true,"href":"https:\/\/lightup.lv\/et\/wp-json\/wp\/v2\/product_cat?post=38154"},{"taxonomy":"product_tag","embeddable":true,"href":"https:\/\/lightup.lv\/et\/wp-json\/wp\/v2\/product_tag?post=38154"}],"curies":[{"name":"wp","href":"https:\/\/api.w.org\/{rel}","templated":true}]}}