{"id":38229,"date":"2026-05-05T13:13:31","date_gmt":"2026-05-05T11:13:31","guid":{"rendered":"https:\/\/lightup.lv\/?post_type=product&#038;p=38229"},"modified":"2026-05-05T13:15:02","modified_gmt":"2026-05-05T11:15:02","slug":"iebuvejama-lampa-halo-melna","status":"publish","type":"product","link":"https:\/\/lightup.lv\/et\/tootekataloog\/iebuvejama-lampa-halo-melna\/","title":{"rendered":"Ieb\u016bv\u0113jama lampa HALO, melna"},"content":{"rendered":"<p class=\"page-header\">LED 7W, 3000K, 590lm, 36\u00b0<br \/>\nIP20<br \/>\nIzm\u0113ri: H: 12.3 cm, D: 5 cm, \u00d8: 3,5 cm<br \/>\nMont\u0101\u017eas izgriezums: 4,5 cm<br \/>\nV\u00e4rv: must<\/p>\n<p>ID H0125<\/p>","protected":false},"excerpt":{"rendered":"<p>Maxlight on ettev\u00f5te, millel on \u00fcle k\u00fcmne aasta kogemust valgustite pakkumisel, mis \u00fcllatavad ja inspireerivad julgete disainide ja l\u00f5putute paigutusv\u00f5imalustega, pakkudes erinevates stiilides valgusteid, mis sobivad igasse disaini.<\/p>","protected":false},"featured_media":38232,"template":"","meta":{"_acf_changed":false},"product_brand":[],"product_cat":[42,86,55],"product_tag":[44],"class_list":{"0":"post-38229","1":"product","2":"type-product","3":"status-publish","4":"has-post-thumbnail","6":"product_cat-apgaismojums","7":"product_cat-iebuvejamais-apgaismojums","8":"product_cat-prozektori","9":"product_tag-maxlight","11":"first","12":"instock","13":"shipping-taxable","14":"purchasable","15":"product-type-simple"},"acf":[],"_links":{"self":[{"href":"https:\/\/lightup.lv\/et\/wp-json\/wp\/v2\/product\/38229","targetHints":{"allow":["GET"]}}],"collection":[{"href":"https:\/\/lightup.lv\/et\/wp-json\/wp\/v2\/product"}],"about":[{"href":"https:\/\/lightup.lv\/et\/wp-json\/wp\/v2\/types\/product"}],"wp:featuredmedia":[{"embeddable":true,"href":"https:\/\/lightup.lv\/et\/wp-json\/wp\/v2\/media\/38232"}],"wp:attachment":[{"href":"https:\/\/lightup.lv\/et\/wp-json\/wp\/v2\/media?parent=38229"}],"wp:term":[{"taxonomy":"product_brand","embeddable":true,"href":"https:\/\/lightup.lv\/et\/wp-json\/wp\/v2\/product_brand?post=38229"},{"taxonomy":"product_cat","embeddable":true,"href":"https:\/\/lightup.lv\/et\/wp-json\/wp\/v2\/product_cat?post=38229"},{"taxonomy":"product_tag","embeddable":true,"href":"https:\/\/lightup.lv\/et\/wp-json\/wp\/v2\/product_tag?post=38229"}],"curies":[{"name":"wp","href":"https:\/\/api.w.org\/{rel}","templated":true}]}}