{"id":38261,"date":"2026-05-06T15:59:29","date_gmt":"2026-05-06T13:59:29","guid":{"rendered":"https:\/\/lightup.lv\/?post_type=product&#038;p=38261"},"modified":"2026-05-06T16:05:15","modified_gmt":"2026-05-06T14:05:15","slug":"laelamp-ip65-kuldne","status":"publish","type":"product","link":"https:\/\/lightup.lv\/et\/precu-katalogs\/griestu-lampa-form-ip65-zelta\/","title":{"rendered":"Laelamp FORM IP65, kuldne"},"content":{"rendered":"<p>GU10x1, max 50W, <strong>IP65<\/strong><br \/>\n<span dir=\"auto\">H: 80 mm, \u00d8: 80<\/span><span dir=\"auto\">\u00a0mm<\/span><br \/>\nV\u00e4rv: Kuldne<br \/>\nMateri\u0101ls: Alum\u012bnijs + Stikls<br \/>\nPirn kaasas:\u00a0<strong>Ei kuulu komplekti<\/strong><\/p>\n<p>ID C0217<\/p>","protected":false},"excerpt":{"rendered":"<p>Maxlight on ettev\u00f5te, millel on \u00fcle k\u00fcmne aasta kogemust valgustite pakkumisel, mis \u00fcllatavad ja inspireerivad julgete disainide ja l\u00f5putute paigutusv\u00f5imalustega, pakkudes erinevates stiilides valgusteid, mis sobivad igasse disaini.<\/p>","protected":false},"featured_media":38262,"template":"","meta":{"_acf_changed":false},"product_brand":[],"product_cat":[42,129,222],"product_tag":[44],"class_list":{"0":"post-38261","1":"product","2":"type-product","3":"status-publish","4":"has-post-thumbnail","6":"product_cat-apgaismojums","7":"product_cat-fasades-un-darza-apgaismojums","8":"product_cat-spot-gaismekli","9":"product_tag-maxlight","11":"first","12":"instock","13":"shipping-taxable","14":"purchasable","15":"product-type-simple"},"acf":[],"_links":{"self":[{"href":"https:\/\/lightup.lv\/et\/wp-json\/wp\/v2\/product\/38261","targetHints":{"allow":["GET"]}}],"collection":[{"href":"https:\/\/lightup.lv\/et\/wp-json\/wp\/v2\/product"}],"about":[{"href":"https:\/\/lightup.lv\/et\/wp-json\/wp\/v2\/types\/product"}],"wp:featuredmedia":[{"embeddable":true,"href":"https:\/\/lightup.lv\/et\/wp-json\/wp\/v2\/media\/38262"}],"wp:attachment":[{"href":"https:\/\/lightup.lv\/et\/wp-json\/wp\/v2\/media?parent=38261"}],"wp:term":[{"taxonomy":"product_brand","embeddable":true,"href":"https:\/\/lightup.lv\/et\/wp-json\/wp\/v2\/product_brand?post=38261"},{"taxonomy":"product_cat","embeddable":true,"href":"https:\/\/lightup.lv\/et\/wp-json\/wp\/v2\/product_cat?post=38261"},{"taxonomy":"product_tag","embeddable":true,"href":"https:\/\/lightup.lv\/et\/wp-json\/wp\/v2\/product_tag?post=38261"}],"curies":[{"name":"t\u00f6\u00f6leht","href":"https:\/\/api.w.org\/{rel}","templated":true}]}}