{"id":38314,"date":"2026-05-07T11:40:24","date_gmt":"2026-05-07T09:40:24","guid":{"rendered":"https:\/\/lightup.lv\/?post_type=product&#038;p=38314"},"modified":"2026-05-07T11:41:19","modified_gmt":"2026-05-07T09:41:19","slug":"iebuvejama-lampa-aliki-ip44-balta","status":"publish","type":"product","link":"https:\/\/lightup.lv\/et\/precu-katalogs\/iebuvejama-lampa-aliki-ip44-balta\/","title":{"rendered":"Ieb\u016bv\u0113jama lampa Aliki IP44, balta"},"content":{"rendered":"<p>LED 8W 600lm 2700K 38\u00b0 <strong>IP44<\/strong><br \/>\n<span dir=\"auto\">\u00d8: 96, H: 45 mm<\/span><br \/>\nV\u00e4rv: Valge<\/p>\n<p>ID 2310320001<\/p>","protected":false},"excerpt":{"rendered":"<p>Nordlux ir d\u0101\u0146u apgaismojuma ra\u017eot\u0101js, kas pied\u0101v\u0101 pla\u0161u iek\u0161telpu un \u0101ra apgaismojuma kl\u0101stu &#8211; griestu, sienas, galda, d\u0101rza un LED lampas, apvienojot skandin\u0101vu dizainu ar funkcionalit\u0101ti un pieejamu cenu. Nordlux produkcija ir paz\u012bstama ar modernu dizainu, kvalit\u0101ti un energoefekt\u012bviem risin\u0101jumiem.<\/p>","protected":false},"featured_media":38315,"template":"","meta":{"_acf_changed":false},"product_brand":[],"product_cat":[42,129,86],"product_tag":[235],"class_list":{"0":"post-38314","1":"product","2":"type-product","3":"status-publish","4":"has-post-thumbnail","6":"product_cat-apgaismojums","7":"product_cat-fasades-un-darza-apgaismojums","8":"product_cat-iebuvejamais-apgaismojums","9":"product_tag-nordlux","11":"first","12":"instock","13":"shipping-taxable","14":"purchasable","15":"product-type-simple"},"acf":[],"_links":{"self":[{"href":"https:\/\/lightup.lv\/et\/wp-json\/wp\/v2\/product\/38314","targetHints":{"allow":["GET"]}}],"collection":[{"href":"https:\/\/lightup.lv\/et\/wp-json\/wp\/v2\/product"}],"about":[{"href":"https:\/\/lightup.lv\/et\/wp-json\/wp\/v2\/types\/product"}],"wp:featuredmedia":[{"embeddable":true,"href":"https:\/\/lightup.lv\/et\/wp-json\/wp\/v2\/media\/38315"}],"wp:attachment":[{"href":"https:\/\/lightup.lv\/et\/wp-json\/wp\/v2\/media?parent=38314"}],"wp:term":[{"taxonomy":"product_brand","embeddable":true,"href":"https:\/\/lightup.lv\/et\/wp-json\/wp\/v2\/product_brand?post=38314"},{"taxonomy":"product_cat","embeddable":true,"href":"https:\/\/lightup.lv\/et\/wp-json\/wp\/v2\/product_cat?post=38314"},{"taxonomy":"product_tag","embeddable":true,"href":"https:\/\/lightup.lv\/et\/wp-json\/wp\/v2\/product_tag?post=38314"}],"curies":[{"name":"t\u00f6\u00f6leht","href":"https:\/\/api.w.org\/{rel}","templated":true}]}}