{"id":38394,"date":"2026-05-13T15:02:37","date_gmt":"2026-05-13T13:02:37","guid":{"rendered":"https:\/\/lightup.lv\/?post_type=product&#038;p=38394"},"modified":"2026-05-13T15:03:34","modified_gmt":"2026-05-13T13:03:34","slug":"sienas-lampa-daylight","status":"publish","type":"product","link":"https:\/\/lightup.lv\/et\/precu-katalogs\/sienas-lampa-daylight\/","title":{"rendered":"Sienas lampa Daylight"},"content":{"rendered":"<p>LED 10W, 250lm, 3000K, 180\u00b0 IP20<br \/>\nIzm\u0113ri: \u00d8: 215, D: 50 mm<br \/>\nMateri\u0101ls: Travert\u012bns, met\u0101ls<\/p>\n<p>ID MOD462WL-L10BG3K<\/p>","protected":false},"excerpt":{"rendered":"<p>Maytoni on Saksa ettev\u00f5te, mis on alates 2009. aastast olnud populaarne 32 riigis. Maytoni missiooniks on toota valgusteid, mis \u00fchendavad erinevaid stiile, ainulaadset disaini, ideaalseid proportsioone ja trendikaid, funktsionaalseid lahendusi. Maytoni pakub nii sise- kui ka v\u00e4listingimustes kasutatavat dekoratiiv- ja tehnilist valgustust, mis loob maitsekaid disainilahendusi ja l\u00e4ikiva atmosf\u00e4\u00e4ri. LightUp teeb Maytoniga otsest koost\u00f6\u00f6d ja tarnib teile huvipakkuvad Maytoni tooted.<\/p>","protected":false},"featured_media":38399,"template":"","meta":{"_acf_changed":false},"product_brand":[],"product_cat":[42,49],"product_tag":[82],"class_list":{"0":"post-38394","1":"product","2":"type-product","3":"status-publish","4":"has-post-thumbnail","6":"product_cat-apgaismojums","7":"product_cat-sienas-lampas","8":"product_tag-maytoni","10":"first","11":"instock","12":"shipping-taxable","13":"purchasable","14":"product-type-simple"},"acf":[],"_links":{"self":[{"href":"https:\/\/lightup.lv\/et\/wp-json\/wp\/v2\/product\/38394","targetHints":{"allow":["GET"]}}],"collection":[{"href":"https:\/\/lightup.lv\/et\/wp-json\/wp\/v2\/product"}],"about":[{"href":"https:\/\/lightup.lv\/et\/wp-json\/wp\/v2\/types\/product"}],"wp:featuredmedia":[{"embeddable":true,"href":"https:\/\/lightup.lv\/et\/wp-json\/wp\/v2\/media\/38399"}],"wp:attachment":[{"href":"https:\/\/lightup.lv\/et\/wp-json\/wp\/v2\/media?parent=38394"}],"wp:term":[{"taxonomy":"product_brand","embeddable":true,"href":"https:\/\/lightup.lv\/et\/wp-json\/wp\/v2\/product_brand?post=38394"},{"taxonomy":"product_cat","embeddable":true,"href":"https:\/\/lightup.lv\/et\/wp-json\/wp\/v2\/product_cat?post=38394"},{"taxonomy":"product_tag","embeddable":true,"href":"https:\/\/lightup.lv\/et\/wp-json\/wp\/v2\/product_tag?post=38394"}],"curies":[{"name":"t\u00f6\u00f6leht","href":"https:\/\/api.w.org\/{rel}","templated":true}]}}