{"id":4137,"date":"2020-05-26T13:33:40","date_gmt":"2020-05-26T13:33:40","guid":{"rendered":"https:\/\/lightup.lv\/product\/saulosanas-kresls-vevi\/"},"modified":"2024-01-29T08:14:51","modified_gmt":"2024-01-29T08:14:51","slug":"saulosanas-kresls-vevi","status":"publish","type":"product","link":"https:\/\/lightup.lv\/et\/precu-katalogs\/saulosanas-kresls-vevi\/","title":{"rendered":"Lamamistool Vevi"},"content":{"rendered":"<p>Kr\u0101sa: melns\/ t\u012bkkoka kr\u0101sa<br \/>\nGarums: 202 cm<br \/>\nPlatums: 64 cm<br \/>\nAugstums: 104 cm<br \/>\nS\u0113des augstums: 35 cm<\/p>\n<p>Regul\u0113jams Sau\u013co\u0161an\u0101s kr\u0113sls Vevi.<\/p>\n<p>ID 1198-8<\/p>","protected":false},"excerpt":{"rendered":"<p>Elegants, moderns dizains lab\u0101kaj\u0101 gad\u012bjum\u0101. Vevi kolekcija ietver sev\u012b proporcion\u0101lu t\u012bkkoka pusdienu galdu ar vietu 6-8 cilv\u0113kiem un \u0113rtus kr\u0113slus. Sortiment\u0101 ir ar\u012b sau\u013co\u0161an\u0101s kr\u0113sls, s\u0101nu galds, sols, atp\u016btas kr\u0113sli un pievilc\u012bgs zemais galds.<br \/>\nProjekt\u0113jis <strong>Dick Bj\u00f6rk.<\/strong><\/p>","protected":false},"featured_media":4138,"template":"","meta":{"_acf_changed":false},"product_brand":[],"product_cat":[80,51,50,59],"product_tag":[52],"class_list":{"0":"post-4137","1":"product","2":"type-product","3":"status-publish","4":"has-post-thumbnail","6":"product_cat-atputas-kresli","7":"product_cat-kresli-terases-mebeles","8":"product_cat-terases-mebeles","9":"product_cat-zvilni","10":"product_tag-brafab","12":"first","13":"instock","14":"shipping-taxable","15":"purchasable","16":"product-type-simple"},"acf":[],"_links":{"self":[{"href":"https:\/\/lightup.lv\/et\/wp-json\/wp\/v2\/product\/4137","targetHints":{"allow":["GET"]}}],"collection":[{"href":"https:\/\/lightup.lv\/et\/wp-json\/wp\/v2\/product"}],"about":[{"href":"https:\/\/lightup.lv\/et\/wp-json\/wp\/v2\/types\/product"}],"wp:featuredmedia":[{"embeddable":true,"href":"https:\/\/lightup.lv\/et\/wp-json\/wp\/v2\/media\/4138"}],"wp:attachment":[{"href":"https:\/\/lightup.lv\/et\/wp-json\/wp\/v2\/media?parent=4137"}],"wp:term":[{"taxonomy":"product_brand","embeddable":true,"href":"https:\/\/lightup.lv\/et\/wp-json\/wp\/v2\/product_brand?post=4137"},{"taxonomy":"product_cat","embeddable":true,"href":"https:\/\/lightup.lv\/et\/wp-json\/wp\/v2\/product_cat?post=4137"},{"taxonomy":"product_tag","embeddable":true,"href":"https:\/\/lightup.lv\/et\/wp-json\/wp\/v2\/product_tag?post=4137"}],"curies":[{"name":"t\u00f6\u00f6leht","href":"https:\/\/api.w.org\/{rel}","templated":true}]}}