{"id":4142,"date":"2020-05-26T13:46:23","date_gmt":"2020-05-26T13:46:23","guid":{"rendered":"https:\/\/lightup.lv\/product\/kresls-ar-roku-balstiem-vevi-2\/"},"modified":"2024-01-29T08:11:49","modified_gmt":"2024-01-29T08:11:49","slug":"kresls-ar-roku-balstiem-vevi-2","status":"publish","type":"product","link":"https:\/\/lightup.lv\/et\/precu-katalogs\/kresls-ar-roku-balstiem-vevi-2\/","title":{"rendered":"K\u00e4etugedega tool Vevi"},"content":{"rendered":"<p>Kr\u0101sa: melns\/ t\u012bkkoka kr\u0101sa<br \/>\nGarums: 56 cm<br \/>\nPlatums: 58 cm<br \/>\nAugstums: 88 cm<br \/>\nIstme k\u00f5rgus: 45 cm<\/p>\n<p>Kr\u0113sls ar roku balstiem Vevi.<\/p>\n<p>ID 1201-8<\/p>","protected":false},"excerpt":{"rendered":"<p>Elegants, moderns dizains lab\u0101kaj\u0101 gad\u012bjum\u0101. Vevi kolekcija ietver sev\u012b proporcion\u0101lu t\u012bkkoka pusdienu galdu ar vietu 6-8 cilv\u0113kiem un \u0113rtus kr\u0113slus. Sortiment\u0101 ir ar\u012b sau\u013co\u0161an\u0101s kr\u0113sls, s\u0101nu galds, sols, atp\u016btas kr\u0113sli un pievilc\u012bgs zemais galds.<br \/>\nProjekt\u0113jis <strong>Dick Bj\u00f6rk.<\/strong><\/p>","protected":false},"featured_media":4143,"template":"","meta":{"_acf_changed":false},"product_brand":[],"product_cat":[80,50],"product_tag":[52],"class_list":{"0":"post-4142","1":"product","2":"type-product","3":"status-publish","4":"has-post-thumbnail","6":"product_cat-atputas-kresli","7":"product_cat-terases-mebeles","8":"product_tag-brafab","10":"first","11":"instock","12":"shipping-taxable","13":"purchasable","14":"product-type-simple"},"acf":[],"_links":{"self":[{"href":"https:\/\/lightup.lv\/et\/wp-json\/wp\/v2\/product\/4142","targetHints":{"allow":["GET"]}}],"collection":[{"href":"https:\/\/lightup.lv\/et\/wp-json\/wp\/v2\/product"}],"about":[{"href":"https:\/\/lightup.lv\/et\/wp-json\/wp\/v2\/types\/product"}],"wp:featuredmedia":[{"embeddable":true,"href":"https:\/\/lightup.lv\/et\/wp-json\/wp\/v2\/media\/4143"}],"wp:attachment":[{"href":"https:\/\/lightup.lv\/et\/wp-json\/wp\/v2\/media?parent=4142"}],"wp:term":[{"taxonomy":"product_brand","embeddable":true,"href":"https:\/\/lightup.lv\/et\/wp-json\/wp\/v2\/product_brand?post=4142"},{"taxonomy":"product_cat","embeddable":true,"href":"https:\/\/lightup.lv\/et\/wp-json\/wp\/v2\/product_cat?post=4142"},{"taxonomy":"product_tag","embeddable":true,"href":"https:\/\/lightup.lv\/et\/wp-json\/wp\/v2\/product_tag?post=4142"}],"curies":[{"name":"t\u00f6\u00f6leht","href":"https:\/\/api.w.org\/{rel}","templated":true}]}}