{"id":4159,"date":"2020-05-26T14:34:39","date_gmt":"2020-05-26T14:34:39","guid":{"rendered":"https:\/\/lightup.lv\/product\/edamgalds-ara-terasei-vevi\/"},"modified":"2024-01-29T07:53:27","modified_gmt":"2024-01-29T07:53:27","slug":"edamgalds-ara-terasei-vevi","status":"publish","type":"product","link":"https:\/\/lightup.lv\/et\/precu-katalogs\/edamgalds-ara-terasei-vevi\/","title":{"rendered":"\u0112damgalds \u0101ra terasei Vevi"},"content":{"rendered":"<p>Kr\u0101sa:\u00a0 t\u012bkkoka kr\u0101sa<br \/>\nGarums: 230 cm<br \/>\nPlatums: 64 cm<br \/>\nAugstums: 72 cm<\/p>\n<p>ID 1200<\/p>","protected":false},"excerpt":{"rendered":"<p>Elegants, moderns dizains lab\u0101kaj\u0101 gad\u012bjum\u0101. Vevi kolekcija ietver sev\u012b proporcion\u0101lu t\u012bkkoka pusdienu galdu ar vietu 6-8 cilv\u0113kiem un \u0113rtus kr\u0113slus. Sortiment\u0101 ir ar\u012b sau\u013co\u0161an\u0101s kr\u0113sls, s\u0101nu galds, sols, atp\u016btas kr\u0113sli un pievilc\u012bgs zemais galds.<br \/>\nProjekt\u0113jis <strong>Dick Bj\u00f6rk.<\/strong><\/p>","protected":false},"featured_media":4160,"template":"","meta":{"_acf_changed":false},"product_brand":[],"product_cat":[57,50],"product_tag":[52],"class_list":{"0":"post-4159","1":"product","2":"type-product","3":"status-publish","4":"has-post-thumbnail","6":"product_cat-galdi-terases-mebeles","7":"product_cat-terases-mebeles","8":"product_tag-brafab","10":"first","11":"instock","12":"shipping-taxable","13":"purchasable","14":"product-type-simple"},"acf":[],"_links":{"self":[{"href":"https:\/\/lightup.lv\/et\/wp-json\/wp\/v2\/product\/4159","targetHints":{"allow":["GET"]}}],"collection":[{"href":"https:\/\/lightup.lv\/et\/wp-json\/wp\/v2\/product"}],"about":[{"href":"https:\/\/lightup.lv\/et\/wp-json\/wp\/v2\/types\/product"}],"wp:featuredmedia":[{"embeddable":true,"href":"https:\/\/lightup.lv\/et\/wp-json\/wp\/v2\/media\/4160"}],"wp:attachment":[{"href":"https:\/\/lightup.lv\/et\/wp-json\/wp\/v2\/media?parent=4159"}],"wp:term":[{"taxonomy":"product_brand","embeddable":true,"href":"https:\/\/lightup.lv\/et\/wp-json\/wp\/v2\/product_brand?post=4159"},{"taxonomy":"product_cat","embeddable":true,"href":"https:\/\/lightup.lv\/et\/wp-json\/wp\/v2\/product_cat?post=4159"},{"taxonomy":"product_tag","embeddable":true,"href":"https:\/\/lightup.lv\/et\/wp-json\/wp\/v2\/product_tag?post=4159"}],"curies":[{"name":"t\u00f6\u00f6leht","href":"https:\/\/api.w.org\/{rel}","templated":true}]}}