{"id":4238,"date":"2020-06-12T18:42:08","date_gmt":"2020-06-12T18:42:08","guid":{"rendered":"https:\/\/lightup.lv\/product\/kafijas-galds-terasei-stettler\/"},"modified":"2024-01-29T08:05:09","modified_gmt":"2024-01-29T08:05:09","slug":"kafijas-galds-terasei-stettler","status":"publish","type":"product","link":"https:\/\/lightup.lv\/et\/tootekataloog\/kafijas-galds-terasei-stettler\/","title":{"rendered":"Kafijas galds terasei Stettler"},"content":{"rendered":"<p>Kr\u0101sa : Melns mat\u0113ts un pel\u0113ks olef\u012bns<br \/>\nPlatums: 112 cm<br \/>\nGarums: 112 cm<br \/>\nAugstums: 43 cm<\/p>\n<p>&nbsp;<\/p>\n<p>Kafijas galds terasei Stettler<\/p>\n<p>ID 4378-80<\/p>","protected":false},"excerpt":{"rendered":"<p>Mamma, t\u0113tis, b\u0113rni, suns, ka\u0137is, vecm\u0101te un ar\u012b vect\u0113vs &#8230; \u0161aj\u0101 Brafab kolekcij\u0101\u00a0 ir vieta visiem. \u0160is p\u0101rsteidzo\u0161ais d\u012bv\u0101nu komplekts ir pietiekami plats un dzi\u013c\u0161, lai j\u016bs visi var\u0113tu \u0113rti atp\u016bsties kop\u0101. Stettler kl\u0101st\u0101 ir ne tikai 2 s\u0113dvietu gals un \u0113rta st\u016bra da\u013ca, bet ar\u012b liels kafijas galds un \u012bpa\u0161i liels taisnst\u016brveida 120 x 78cm k\u0101ju soli\u0146\u0101, ko var izmantot ar\u012b k\u0101 d\u012bv\u0101nu.<\/p>","protected":false},"featured_media":4239,"template":"","meta":{"_acf_changed":false},"product_brand":[],"product_cat":[50,60],"product_tag":[52],"class_list":{"0":"post-4238","1":"product","2":"type-product","3":"status-publish","4":"has-post-thumbnail","6":"product_cat-terases-mebeles","7":"product_cat-kafijas-galdini","8":"product_tag-brafab","10":"first","11":"instock","12":"shipping-taxable","13":"purchasable","14":"product-type-simple"},"acf":[],"_links":{"self":[{"href":"https:\/\/lightup.lv\/et\/wp-json\/wp\/v2\/product\/4238","targetHints":{"allow":["GET"]}}],"collection":[{"href":"https:\/\/lightup.lv\/et\/wp-json\/wp\/v2\/product"}],"about":[{"href":"https:\/\/lightup.lv\/et\/wp-json\/wp\/v2\/types\/product"}],"wp:featuredmedia":[{"embeddable":true,"href":"https:\/\/lightup.lv\/et\/wp-json\/wp\/v2\/media\/4239"}],"wp:attachment":[{"href":"https:\/\/lightup.lv\/et\/wp-json\/wp\/v2\/media?parent=4238"}],"wp:term":[{"taxonomy":"product_brand","embeddable":true,"href":"https:\/\/lightup.lv\/et\/wp-json\/wp\/v2\/product_brand?post=4238"},{"taxonomy":"product_cat","embeddable":true,"href":"https:\/\/lightup.lv\/et\/wp-json\/wp\/v2\/product_cat?post=4238"},{"taxonomy":"product_tag","embeddable":true,"href":"https:\/\/lightup.lv\/et\/wp-json\/wp\/v2\/product_tag?post=4238"}],"curies":[{"name":"wp","href":"https:\/\/api.w.org\/{rel}","templated":true}]}}