{"id":4262,"date":"2020-06-12T20:23:25","date_gmt":"2020-06-12T20:23:25","guid":{"rendered":"https:\/\/lightup.lv\/product\/kresls-ar-roku-balstiem-zalongo-2\/"},"modified":"2024-01-29T08:04:19","modified_gmt":"2024-01-29T08:04:19","slug":"kaetugedega-tugitool-zalongo-2","status":"publish","type":"product","link":"https:\/\/lightup.lv\/et\/precu-katalogs\/kresls-ar-roku-balstiem-zalongo-2\/","title":{"rendered":"K\u00e4etugedega tool Zalongo"},"content":{"rendered":"<p>V\u00e4rvus: Naturaalne tiikpuu v\u00e4rv, antratsiithall<br \/>\nPikkus: 57,5 cm<br \/>\nLaius: 59,5 cm<br \/>\nK\u00f5rgus: 83 cm<br \/>\nIstme k\u00f5rgus: 44 cm<br \/>\nK\u00e4etugedega tool Zalongo<\/p>\n<p>ID 4251-72-73<\/p>","protected":false},"excerpt":{"rendered":"<p>Kaunis ja elegantne terrassim\u00f6\u00f6bli kollektsioon, mis \u00fchendab kvaliteetse tiikpuu ja antratsiitkattega alumiiniumi. Otsesed tiikpuust detailid suurendavad nii kvaliteeti kui ka elegantsi.<\/p>","protected":false},"featured_media":4263,"template":"","meta":{"_acf_changed":false},"product_brand":[],"product_cat":[80,50],"product_tag":[52],"class_list":{"0":"post-4262","1":"product","2":"type-product","3":"status-publish","4":"has-post-thumbnail","6":"product_cat-atputas-kresli","7":"product_cat-terases-mebeles","8":"product_tag-brafab","10":"first","11":"instock","12":"shipping-taxable","13":"purchasable","14":"product-type-simple"},"acf":[],"_links":{"self":[{"href":"https:\/\/lightup.lv\/et\/wp-json\/wp\/v2\/product\/4262","targetHints":{"allow":["GET"]}}],"collection":[{"href":"https:\/\/lightup.lv\/et\/wp-json\/wp\/v2\/product"}],"about":[{"href":"https:\/\/lightup.lv\/et\/wp-json\/wp\/v2\/types\/product"}],"wp:featuredmedia":[{"embeddable":true,"href":"https:\/\/lightup.lv\/et\/wp-json\/wp\/v2\/media\/4263"}],"wp:attachment":[{"href":"https:\/\/lightup.lv\/et\/wp-json\/wp\/v2\/media?parent=4262"}],"wp:term":[{"taxonomy":"product_brand","embeddable":true,"href":"https:\/\/lightup.lv\/et\/wp-json\/wp\/v2\/product_brand?post=4262"},{"taxonomy":"product_cat","embeddable":true,"href":"https:\/\/lightup.lv\/et\/wp-json\/wp\/v2\/product_cat?post=4262"},{"taxonomy":"product_tag","embeddable":true,"href":"https:\/\/lightup.lv\/et\/wp-json\/wp\/v2\/product_tag?post=4262"}],"curies":[{"name":"t\u00f6\u00f6leht","href":"https:\/\/api.w.org\/{rel}","templated":true}]}}