{"id":4288,"date":"2020-06-13T10:15:57","date_gmt":"2020-06-13T10:15:57","guid":{"rendered":"https:\/\/lightup.lv\/product\/kresls-ar-roku-balstiem-chios\/"},"modified":"2024-01-18T11:58:22","modified_gmt":"2024-01-18T11:58:22","slug":"tugitool-kaetugedega-chios","status":"publish","type":"product","link":"https:\/\/lightup.lv\/et\/precu-katalogs\/kresls-ar-roku-balstiem-chios\/","title":{"rendered":"K\u00e4etugedega tool Chios"},"content":{"rendered":"<p>V\u00e4rvus: hele tiikpuu<br \/>\nPikkus: 83 cm<br \/>\nLaius: 77 cm<br \/>\nK\u00f5rgus: 90 cm<br \/>\nIstme k\u00f5rgus: 46 cm<\/p>\n<p>K\u00e4etugedega tool terrassile Chios kollektsioonist.<\/p>\n<p> ID 2061<\/p>","protected":false},"excerpt":{"rendered":"<p>Chiosi lounge-m\u00f6\u00f6blikollektsiooni kuuluvad lauad, mille pealispind on valmistatud p\u00f5ikisuunalistest tiikpuust liistudest, ning sama elegantse tiikpuust disainiga sobiv v\u00e4ike kahekohaline diivan, lamamisdiivan ja diivanikomplekt. Tool on roostevabast terasest.<\/p>","protected":false},"featured_media":4289,"template":"","meta":{"_acf_changed":false},"product_brand":[],"product_cat":[80,73,50],"product_tag":[],"class_list":{"0":"post-4288","1":"product","2":"type-product","3":"status-publish","4":"has-post-thumbnail","6":"product_cat-atputas-kresli","7":"product_cat-divani-terases","8":"product_cat-terases-mebeles","10":"first","11":"instock","12":"shipping-taxable","13":"purchasable","14":"product-type-simple"},"acf":[],"_links":{"self":[{"href":"https:\/\/lightup.lv\/et\/wp-json\/wp\/v2\/product\/4288","targetHints":{"allow":["GET"]}}],"collection":[{"href":"https:\/\/lightup.lv\/et\/wp-json\/wp\/v2\/product"}],"about":[{"href":"https:\/\/lightup.lv\/et\/wp-json\/wp\/v2\/types\/product"}],"wp:featuredmedia":[{"embeddable":true,"href":"https:\/\/lightup.lv\/et\/wp-json\/wp\/v2\/media\/4289"}],"wp:attachment":[{"href":"https:\/\/lightup.lv\/et\/wp-json\/wp\/v2\/media?parent=4288"}],"wp:term":[{"taxonomy":"product_brand","embeddable":true,"href":"https:\/\/lightup.lv\/et\/wp-json\/wp\/v2\/product_brand?post=4288"},{"taxonomy":"product_cat","embeddable":true,"href":"https:\/\/lightup.lv\/et\/wp-json\/wp\/v2\/product_cat?post=4288"},{"taxonomy":"product_tag","embeddable":true,"href":"https:\/\/lightup.lv\/et\/wp-json\/wp\/v2\/product_tag?post=4288"}],"curies":[{"name":"t\u00f6\u00f6leht","href":"https:\/\/api.w.org\/{rel}","templated":true}]}}