{"id":4338,"date":"2020-10-19T07:44:59","date_gmt":"2020-10-19T07:44:59","guid":{"rendered":"https:\/\/lightup.lv\/product\/jugend-desk\/"},"modified":"2025-05-13T12:11:37","modified_gmt":"2025-05-13T10:11:37","slug":"jugend-desk","status":"publish","type":"product","link":"https:\/\/lightup.lv\/et\/precu-katalogs\/jugend-desk\/","title":{"rendered":"Desk Jugend"},"content":{"rendered":"<p>Galds no ozolkoka finier\u0113ta koka. T\u0113rauda cauru\u013cu karkass, koka uzga\u013ci uz k\u0101j\u0101m. Divas m\u012bksti aizveramas atvilktnes.<\/p>\n<p>Izm\u0113rs: 130x65x75cm<\/p>\n<p>Materi\u0101ls un kr\u0101sa: Ozols \/ Melns<\/p>\n<p>ID 222209001162<\/p>","protected":false},"excerpt":{"rendered":"<p>Izm\u0113rs: 130x65x75cm<\/p>\n<p>Materi\u0101ls un kr\u0101sa: Ozols \/ Melns<\/p>","protected":false},"featured_media":35713,"template":"","meta":{"_acf_changed":false},"product_brand":[],"product_cat":[101,103,22],"product_tag":[102],"class_list":{"0":"post-4338","1":"product","2":"type-product","3":"status-publish","4":"has-post-thumbnail","6":"product_cat-biroja-mebeles","7":"product_cat-darba-galdi","8":"product_cat-galdi","9":"product_tag-woodman","11":"first","12":"onbackorder","13":"shipping-taxable","14":"purchasable","15":"product-type-simple"},"acf":[],"_links":{"self":[{"href":"https:\/\/lightup.lv\/et\/wp-json\/wp\/v2\/product\/4338","targetHints":{"allow":["GET"]}}],"collection":[{"href":"https:\/\/lightup.lv\/et\/wp-json\/wp\/v2\/product"}],"about":[{"href":"https:\/\/lightup.lv\/et\/wp-json\/wp\/v2\/types\/product"}],"wp:featuredmedia":[{"embeddable":true,"href":"https:\/\/lightup.lv\/et\/wp-json\/wp\/v2\/media\/35713"}],"wp:attachment":[{"href":"https:\/\/lightup.lv\/et\/wp-json\/wp\/v2\/media?parent=4338"}],"wp:term":[{"taxonomy":"product_brand","embeddable":true,"href":"https:\/\/lightup.lv\/et\/wp-json\/wp\/v2\/product_brand?post=4338"},{"taxonomy":"product_cat","embeddable":true,"href":"https:\/\/lightup.lv\/et\/wp-json\/wp\/v2\/product_cat?post=4338"},{"taxonomy":"product_tag","embeddable":true,"href":"https:\/\/lightup.lv\/et\/wp-json\/wp\/v2\/product_tag?post=4338"}],"curies":[{"name":"t\u00f6\u00f6leht","href":"https:\/\/api.w.org\/{rel}","templated":true}]}}