{"id":4411,"date":"2020-10-19T08:30:11","date_gmt":"2020-10-19T08:30:11","guid":{"rendered":"https:\/\/lightup.lv\/product\/darbs-no-majam-darba-galds-majas-3\/"},"modified":"2024-02-09T08:04:42","modified_gmt":"2024-02-09T08:04:42","slug":"toota-kodus-laua-taga-3","status":"publish","type":"product","link":"https:\/\/lightup.lv\/et\/tootekataloog\/toota-kodus-laua-taga-3\/","title":{"rendered":"St Jamesi kirjutuslaud tamm"},"content":{"rendered":"<p>T\u00e4istammest jalad, esiserv ja k\u00fcljed. Tammespooniga kaetud pealispind, liugurid ja v\u00e4ljat\u00f5mmatav t\u00f6\u00f6tasapind. V\u00e4ljat\u00f5mmatava t\u00f6\u00f6tasapinna avamisel suureneb toote s\u00fcgavus 69 cm-ni. Kapi all on kaablite jaoks augud.<\/p>\n<p>Suurus: 117x47x84<\/p>\n<p>ID 114001001014<\/p>","protected":false},"excerpt":{"rendered":"<p>Suurus: 117x47x84<\/p>\n<p>&nbsp;<\/p>","protected":false},"featured_media":4412,"template":"","meta":{"_acf_changed":false},"product_brand":[],"product_cat":[101],"product_tag":[102],"class_list":{"0":"post-4411","1":"product","2":"type-product","3":"status-publish","4":"has-post-thumbnail","6":"product_cat-biroja-mebeles","7":"product_tag-woodman","9":"first","10":"onbackorder","11":"shipping-taxable","12":"purchasable","13":"product-type-simple"},"acf":[],"_links":{"self":[{"href":"https:\/\/lightup.lv\/et\/wp-json\/wp\/v2\/product\/4411","targetHints":{"allow":["GET"]}}],"collection":[{"href":"https:\/\/lightup.lv\/et\/wp-json\/wp\/v2\/product"}],"about":[{"href":"https:\/\/lightup.lv\/et\/wp-json\/wp\/v2\/types\/product"}],"wp:featuredmedia":[{"embeddable":true,"href":"https:\/\/lightup.lv\/et\/wp-json\/wp\/v2\/media\/4412"}],"wp:attachment":[{"href":"https:\/\/lightup.lv\/et\/wp-json\/wp\/v2\/media?parent=4411"}],"wp:term":[{"taxonomy":"product_brand","embeddable":true,"href":"https:\/\/lightup.lv\/et\/wp-json\/wp\/v2\/product_brand?post=4411"},{"taxonomy":"product_cat","embeddable":true,"href":"https:\/\/lightup.lv\/et\/wp-json\/wp\/v2\/product_cat?post=4411"},{"taxonomy":"product_tag","embeddable":true,"href":"https:\/\/lightup.lv\/et\/wp-json\/wp\/v2\/product_tag?post=4411"}],"curies":[{"name":"wp","href":"https:\/\/api.w.org\/{rel}","templated":true}]}}