{"id":4453,"date":"2020-10-19T09:20:38","date_gmt":"2020-10-19T09:20:38","guid":{"rendered":"https:\/\/lightup.lv\/product\/darbs-no-majam-darba-galds-majas-7\/"},"modified":"2025-05-09T15:16:48","modified_gmt":"2025-05-09T13:16:48","slug":"darbs-no-majam-darba-galds-majas-7","status":"publish","type":"product","link":"https:\/\/lightup.lv\/et\/tootekataloog\/darbs-no-majam-darba-galds-majas-7\/","title":{"rendered":"Baroni laud"},"content":{"rendered":"<p>Ozola finier\u0113ts korpuss ar trim atlokiem, mas\u012bv\u0101m ozolkoka k\u0101j\u0101m un s\u0101niem. Galda korpus\u0101 ir tr\u012bs kastes, kuras atveras. Vid\u0113j\u0101 kastes (W48,6xD38xH7,5cm) atloka aizveras ar m\u012bkstino\u0161u aizb\u012bdni, kastes apak\u0161\u0101 ir atvere kabe\u013ciem. S\u0101nu glab\u0101\u0161anas kastes izm\u0113rs ir W21,3xD38xH7,5cm. Vieta zem rakst\u0101mgalda ir 64 cm.<\/p>\n<p>Izm\u0113rs: 114x61x80cm<\/p>\n<p>ID 160003001014<\/p>","protected":false},"excerpt":{"rendered":"<p>Izm\u0113rs: 114x61x80cm<\/p>","protected":false},"featured_media":4454,"template":"","meta":{"_acf_changed":false},"product_brand":[],"product_cat":[101,103,22],"product_tag":[102],"class_list":{"0":"post-4453","1":"product","2":"type-product","3":"status-publish","4":"has-post-thumbnail","6":"product_cat-biroja-mebeles","7":"product_cat-darba-galdi","8":"product_cat-galdi","9":"product_tag-woodman","11":"first","12":"onbackorder","13":"shipping-taxable","14":"purchasable","15":"product-type-simple"},"acf":[],"_links":{"self":[{"href":"https:\/\/lightup.lv\/et\/wp-json\/wp\/v2\/product\/4453","targetHints":{"allow":["GET"]}}],"collection":[{"href":"https:\/\/lightup.lv\/et\/wp-json\/wp\/v2\/product"}],"about":[{"href":"https:\/\/lightup.lv\/et\/wp-json\/wp\/v2\/types\/product"}],"wp:featuredmedia":[{"embeddable":true,"href":"https:\/\/lightup.lv\/et\/wp-json\/wp\/v2\/media\/4454"}],"wp:attachment":[{"href":"https:\/\/lightup.lv\/et\/wp-json\/wp\/v2\/media?parent=4453"}],"wp:term":[{"taxonomy":"product_brand","embeddable":true,"href":"https:\/\/lightup.lv\/et\/wp-json\/wp\/v2\/product_brand?post=4453"},{"taxonomy":"product_cat","embeddable":true,"href":"https:\/\/lightup.lv\/et\/wp-json\/wp\/v2\/product_cat?post=4453"},{"taxonomy":"product_tag","embeddable":true,"href":"https:\/\/lightup.lv\/et\/wp-json\/wp\/v2\/product_tag?post=4453"}],"curies":[{"name":"wp","href":"https:\/\/api.w.org\/{rel}","templated":true}]}}