{"id":4621,"date":"2021-01-20T10:20:31","date_gmt":"2021-01-20T10:20:31","guid":{"rendered":"https:\/\/lightup.lv\/product\/skagen-extending-dining-table\/"},"modified":"2025-05-10T13:28:08","modified_gmt":"2025-05-10T11:28:08","slug":"skagen-extending-dining-table","status":"publish","type":"product","link":"https:\/\/lightup.lv\/et\/tootekataloog\/skagen-extending-dining-table\/","title":{"rendered":"\u0112damgalds Kensal \u2013 pagarin\u0101ms"},"content":{"rendered":"<p><span class=\"JLqJ4b ChMk0b\" data-language-for-alternatives=\"lv\" data-language-to-translate-into=\"en\" data-phrase-index=\"0\">\u0112damgalds no ozolkoka finier\u0113tas skaidu pl\u0101tnes (PLP22).<\/span> <span class=\"JLqJ4b ChMk0b\" data-language-for-alternatives=\"lv\" data-language-to-translate-into=\"en\" data-phrase-index=\"1\">B\u0101ze ir izgatavota no ozolkoka finiera sapl\u0101k\u0161\u0146a.<\/span> <span class=\"JLqJ4b ChMk0b\" data-language-for-alternatives=\"lv\" data-language-to-translate-into=\"en\" data-phrase-index=\"2\">Mas\u012bvas ozolkoka k\u0101jas.<\/span> <span class=\"JLqJ4b ChMk0b\" data-language-for-alternatives=\"lv\" data-language-to-translate-into=\"en\" data-phrase-index=\"3\">Visas deta\u013cas ir p\u0101rkl\u0101tas ar mat\u0113tu caursp\u012bd\u012bgu laku.<\/span> <span class=\"JLqJ4b ChMk0b\" data-language-for-alternatives=\"lv\" data-language-to-translate-into=\"en\" data-phrase-index=\"4\">Augstums no gr\u012bdas l\u012bdz pamatnei ir 65 cm.<\/span> <span class=\"JLqJ4b ChMk0b\" data-language-for-alternatives=\"lv\" data-language-to-translate-into=\"en\" data-phrase-index=\"5\">Paredz\u0113ts 6 person\u0101m.<\/span> <span class=\"JLqJ4b ChMk0b\" data-language-for-alternatives=\"lv\" data-language-to-translate-into=\"en\" data-phrase-index=\"6\">Viegla mont\u0101\u017ea: vienk\u0101r\u0161i uzst\u0101diet k\u0101jas ar M6 skr\u016bv\u0113m (komplekt\u0101).<\/span><\/p>\n<p><span class=\"JLqJ4b ChMk0b\" data-language-for-alternatives=\"lv\" data-language-to-translate-into=\"en\" data-phrase-index=\"6\">Izm\u0113ri: 140(180)x90x75cm<\/span><\/p>\n<p>ID 250211001014<\/p>","protected":false},"excerpt":{"rendered":"<p>Izm\u0113rs 140(180)x90x75cm<\/p>","protected":false},"featured_media":4622,"template":"","meta":{"_acf_changed":false},"product_brand":[],"product_cat":[22,23],"product_tag":[102],"class_list":{"0":"post-4621","1":"product","2":"type-product","3":"status-publish","4":"has-post-thumbnail","6":"product_cat-galdi","7":"product_cat-pusdienu-galdi","8":"product_tag-woodman","10":"first","11":"onbackorder","12":"shipping-taxable","13":"purchasable","14":"product-type-simple"},"acf":[],"_links":{"self":[{"href":"https:\/\/lightup.lv\/et\/wp-json\/wp\/v2\/product\/4621","targetHints":{"allow":["GET"]}}],"collection":[{"href":"https:\/\/lightup.lv\/et\/wp-json\/wp\/v2\/product"}],"about":[{"href":"https:\/\/lightup.lv\/et\/wp-json\/wp\/v2\/types\/product"}],"wp:featuredmedia":[{"embeddable":true,"href":"https:\/\/lightup.lv\/et\/wp-json\/wp\/v2\/media\/4622"}],"wp:attachment":[{"href":"https:\/\/lightup.lv\/et\/wp-json\/wp\/v2\/media?parent=4621"}],"wp:term":[{"taxonomy":"product_brand","embeddable":true,"href":"https:\/\/lightup.lv\/et\/wp-json\/wp\/v2\/product_brand?post=4621"},{"taxonomy":"product_cat","embeddable":true,"href":"https:\/\/lightup.lv\/et\/wp-json\/wp\/v2\/product_cat?post=4621"},{"taxonomy":"product_tag","embeddable":true,"href":"https:\/\/lightup.lv\/et\/wp-json\/wp\/v2\/product_tag?post=4621"}],"curies":[{"name":"wp","href":"https:\/\/api.w.org\/{rel}","templated":true}]}}