{"id":4654,"date":"2021-01-20T12:02:36","date_gmt":"2021-01-20T12:02:36","guid":{"rendered":"https:\/\/lightup.lv\/product\/skagen-dining-table-black\/"},"modified":"2025-05-10T13:25:30","modified_gmt":"2025-05-10T11:25:30","slug":"skagen-dining-table-black","status":"publish","type":"product","link":"https:\/\/lightup.lv\/et\/tootekataloog\/skagen-dining-table-black\/","title":{"rendered":"\u0112damgalds Skagen, melns"},"content":{"rendered":"<p><span class=\"JLqJ4b ChMk0b\" data-language-for-alternatives=\"lv\" data-language-to-translate-into=\"en\" data-phrase-index=\"0\">\u0112damgalds no ozolkoka finier\u0113tas skaidu pl\u0101tnes (PLP22).<\/span> <span class=\"JLqJ4b ChMk0b\" data-language-for-alternatives=\"lv\" data-language-to-translate-into=\"en\" data-phrase-index=\"1\">B\u0101ze ir izgatavota no ozolkoka finiera sapl\u0101k\u0161\u0146a.<\/span> <span class=\"JLqJ4b ChMk0b\" data-language-for-alternatives=\"lv\" data-language-to-translate-into=\"en\" data-phrase-index=\"2\">Mas\u012bvas ozolkoka k\u0101jas.<\/span> <span class=\"JLqJ4b ChMk0b\" data-language-for-alternatives=\"lv\" data-language-to-translate-into=\"en\" data-phrase-index=\"3\">Visas deta\u013cas ir iekr\u0101sotas meln\u0101 kr\u0101s\u0101 un p\u0101rkl\u0101tas ar mat\u0113tu caursp\u012bd\u012bgu laku.<\/span> <span class=\"JLqJ4b ChMk0b\" data-language-for-alternatives=\"lv\" data-language-to-translate-into=\"en\" data-phrase-index=\"4\">Augstums no gr\u012bdas l\u012bdz pamatnei ir 65 cm.<\/span>\u00a0<span class=\"JLqJ4b ChMk0b\" data-language-for-alternatives=\"lv\" data-language-to-translate-into=\"en\" data-phrase-index=\"6\">Viegla mont\u0101\u017ea: vienk\u0101r\u0161i uzst\u0101diet k\u0101jas, izmantojot M6 skr\u016bves (komplekt\u0101).<\/span><\/p>\n<p>ID 250210001484<\/p>","protected":false},"excerpt":{"rendered":"<p>Izm\u0113rs 140x90x75cm<\/p>","protected":false},"featured_media":4655,"template":"","meta":{"_acf_changed":false},"product_brand":[],"product_cat":[22,23],"product_tag":[102],"class_list":{"0":"post-4654","1":"product","2":"type-product","3":"status-publish","4":"has-post-thumbnail","6":"product_cat-galdi","7":"product_cat-pusdienu-galdi","8":"product_tag-woodman","10":"first","11":"onbackorder","12":"shipping-taxable","13":"purchasable","14":"product-type-simple"},"acf":[],"_links":{"self":[{"href":"https:\/\/lightup.lv\/et\/wp-json\/wp\/v2\/product\/4654","targetHints":{"allow":["GET"]}}],"collection":[{"href":"https:\/\/lightup.lv\/et\/wp-json\/wp\/v2\/product"}],"about":[{"href":"https:\/\/lightup.lv\/et\/wp-json\/wp\/v2\/types\/product"}],"wp:featuredmedia":[{"embeddable":true,"href":"https:\/\/lightup.lv\/et\/wp-json\/wp\/v2\/media\/4655"}],"wp:attachment":[{"href":"https:\/\/lightup.lv\/et\/wp-json\/wp\/v2\/media?parent=4654"}],"wp:term":[{"taxonomy":"product_brand","embeddable":true,"href":"https:\/\/lightup.lv\/et\/wp-json\/wp\/v2\/product_brand?post=4654"},{"taxonomy":"product_cat","embeddable":true,"href":"https:\/\/lightup.lv\/et\/wp-json\/wp\/v2\/product_cat?post=4654"},{"taxonomy":"product_tag","embeddable":true,"href":"https:\/\/lightup.lv\/et\/wp-json\/wp\/v2\/product_tag?post=4654"}],"curies":[{"name":"wp","href":"https:\/\/api.w.org\/{rel}","templated":true}]}}