{"id":4668,"date":"2021-01-20T12:31:47","date_gmt":"2021-01-20T12:31:47","guid":{"rendered":"https:\/\/lightup.lv\/product\/kungla-drop-leaf-table\/"},"modified":"2025-05-16T13:30:23","modified_gmt":"2025-05-16T11:30:23","slug":"kungla-drop-leaf-table","status":"publish","type":"product","link":"https:\/\/lightup.lv\/et\/tootekataloog\/kungla-drop-leaf-table\/","title":{"rendered":"Pusdienu galds Kungla DropLeaf"},"content":{"rendered":"<p><span class=\"JLqJ4b ChMk0b\" data-language-for-alternatives=\"lv\" data-language-to-translate-into=\"en\" data-phrase-index=\"0\">Balts galds izgatavots no mas\u012bva koka, mas\u012bv\u0101m b\u0113rza k\u0101j\u0101m.<\/span> <span class=\"JLqJ4b ChMk0b\" data-language-for-alternatives=\"lv\" data-language-to-translate-into=\"en\" data-phrase-index=\"1\">Glab\u0101\u0161anas nodal\u012bjums ar durv\u012bm un atvilktni.<\/span> <span class=\"JLqJ4b ChMk0b\" data-language-for-alternatives=\"lv\" data-language-to-translate-into=\"en\" data-phrase-index=\"2\">Galdam ir viena atvilktne (iek\u0161\u0113jie izm\u0113ri ir W139 \/ D334 \/ H114mm) met\u0101la slied\u0113s, un zem t\u0101 ir durvju skapis (W196 \/ D410 \/ H690mm).<\/span> <span class=\"JLqJ4b ChMk0b\" data-language-for-alternatives=\"lv\" data-language-to-translate-into=\"en\" data-phrase-index=\"3\">Saliekot, izm\u0113rs ir 90x35x75cm.<\/span> <span class=\"JLqJ4b ChMk0b\" data-language-for-alternatives=\"lv\" data-language-to-translate-into=\"en\" data-phrase-index=\"4\">Atverot k\u0101 galdu &#8211;\u00a0 90x170x75cm.<\/span><\/p>\n<p>ID 171111508082<\/p>","protected":false},"excerpt":{"rendered":"<p>Izm\u0113rs 170x90x75cm<\/p>","protected":false},"featured_media":4669,"template":"","meta":{"_acf_changed":false},"product_brand":[],"product_cat":[22,23],"product_tag":[102],"class_list":{"0":"post-4668","1":"product","2":"type-product","3":"status-publish","4":"has-post-thumbnail","6":"product_cat-galdi","7":"product_cat-pusdienu-galdi","8":"product_tag-woodman","10":"first","11":"onbackorder","12":"shipping-taxable","13":"purchasable","14":"product-type-simple"},"acf":[],"_links":{"self":[{"href":"https:\/\/lightup.lv\/et\/wp-json\/wp\/v2\/product\/4668","targetHints":{"allow":["GET"]}}],"collection":[{"href":"https:\/\/lightup.lv\/et\/wp-json\/wp\/v2\/product"}],"about":[{"href":"https:\/\/lightup.lv\/et\/wp-json\/wp\/v2\/types\/product"}],"wp:featuredmedia":[{"embeddable":true,"href":"https:\/\/lightup.lv\/et\/wp-json\/wp\/v2\/media\/4669"}],"wp:attachment":[{"href":"https:\/\/lightup.lv\/et\/wp-json\/wp\/v2\/media?parent=4668"}],"wp:term":[{"taxonomy":"product_brand","embeddable":true,"href":"https:\/\/lightup.lv\/et\/wp-json\/wp\/v2\/product_brand?post=4668"},{"taxonomy":"product_cat","embeddable":true,"href":"https:\/\/lightup.lv\/et\/wp-json\/wp\/v2\/product_cat?post=4668"},{"taxonomy":"product_tag","embeddable":true,"href":"https:\/\/lightup.lv\/et\/wp-json\/wp\/v2\/product_tag?post=4668"}],"curies":[{"name":"wp","href":"https:\/\/api.w.org\/{rel}","templated":true}]}}