{"id":4677,"date":"2021-01-20T12:40:08","date_gmt":"2021-01-20T12:40:08","guid":{"rendered":"https:\/\/lightup.lv\/product\/kungla-drop-leaf-table-table-mel-oak\/"},"modified":"2025-05-16T13:29:44","modified_gmt":"2025-05-16T11:29:44","slug":"kungla-drop-leaf-table-table-mel-oak","status":"publish","type":"product","link":"https:\/\/lightup.lv\/et\/tootekataloog\/kungla-drop-leaf-table-table-mel-oak\/","title":{"rendered":"Pusdienu galds Kungla Drop Leaf Mel, ozola"},"content":{"rendered":"<p><span class=\"JLqJ4b ChMk0b\" data-language-for-alternatives=\"lv\" data-language-to-translate-into=\"en\" data-phrase-index=\"0\">Ozola melam\u012bna galds izgatavots no mas\u012bvkoka, mas\u012bv\u0101m b\u0113rza k\u0101j\u0101m.<\/span> <span class=\"JLqJ4b ChMk0b\" data-language-for-alternatives=\"lv\" data-language-to-translate-into=\"en\" data-phrase-index=\"1\">Glab\u0101\u0161anas nodal\u012bjums ar durv\u012bm un atvilktni.<\/span><\/p>\n<p>ID 171111501012<\/p>","protected":false},"excerpt":{"rendered":"<p>Izm\u0113rs 170x95x75cm<\/p>","protected":false},"featured_media":4678,"template":"","meta":{"_acf_changed":false},"product_brand":[],"product_cat":[22,23],"product_tag":[102],"class_list":{"0":"post-4677","1":"product","2":"type-product","3":"status-publish","4":"has-post-thumbnail","6":"product_cat-galdi","7":"product_cat-pusdienu-galdi","8":"product_tag-woodman","10":"first","11":"onbackorder","12":"shipping-taxable","13":"purchasable","14":"product-type-simple"},"acf":[],"_links":{"self":[{"href":"https:\/\/lightup.lv\/et\/wp-json\/wp\/v2\/product\/4677","targetHints":{"allow":["GET"]}}],"collection":[{"href":"https:\/\/lightup.lv\/et\/wp-json\/wp\/v2\/product"}],"about":[{"href":"https:\/\/lightup.lv\/et\/wp-json\/wp\/v2\/types\/product"}],"wp:featuredmedia":[{"embeddable":true,"href":"https:\/\/lightup.lv\/et\/wp-json\/wp\/v2\/media\/4678"}],"wp:attachment":[{"href":"https:\/\/lightup.lv\/et\/wp-json\/wp\/v2\/media?parent=4677"}],"wp:term":[{"taxonomy":"product_brand","embeddable":true,"href":"https:\/\/lightup.lv\/et\/wp-json\/wp\/v2\/product_brand?post=4677"},{"taxonomy":"product_cat","embeddable":true,"href":"https:\/\/lightup.lv\/et\/wp-json\/wp\/v2\/product_cat?post=4677"},{"taxonomy":"product_tag","embeddable":true,"href":"https:\/\/lightup.lv\/et\/wp-json\/wp\/v2\/product_tag?post=4677"}],"curies":[{"name":"wp","href":"https:\/\/api.w.org\/{rel}","templated":true}]}}