{"id":4818,"date":"2021-01-21T09:29:44","date_gmt":"2021-01-21T09:29:44","guid":{"rendered":"https:\/\/lightup.lv\/product\/kensal-tv\/"},"modified":"2024-02-09T08:08:43","modified_gmt":"2024-02-09T08:08:43","slug":"kensal-tv","status":"publish","type":"product","link":"https:\/\/lightup.lv\/et\/tootekataloog\/kensal-tv\/","title":{"rendered":"Kensal TV"},"content":{"rendered":"<p>Ozola finier\u0113ts TV skapis ar div\u0101m atvilktn\u0113m un atv\u0113rtu sekciju, mas\u012bv\u0101m ozolkoka k\u0101j\u0101m un pog\u0101m.<\/p>\n<p> ID 104224001012<\/p>","protected":false},"excerpt":{"rendered":"<p>Izm\u0113rs 130x45x50cm<\/p>\n<p>&nbsp;<\/p>","protected":false},"featured_media":4819,"template":"","meta":{"_acf_changed":false},"product_brand":[],"product_cat":[30,31],"product_tag":[102],"class_list":{"0":"post-4818","1":"product","2":"type-product","3":"status-publish","4":"has-post-thumbnail","6":"product_cat-korpusa-mebeles","7":"product_cat-tv-plaukti","8":"product_tag-woodman","10":"first","11":"onbackorder","12":"shipping-taxable","13":"purchasable","14":"product-type-simple"},"acf":[],"_links":{"self":[{"href":"https:\/\/lightup.lv\/et\/wp-json\/wp\/v2\/product\/4818","targetHints":{"allow":["GET"]}}],"collection":[{"href":"https:\/\/lightup.lv\/et\/wp-json\/wp\/v2\/product"}],"about":[{"href":"https:\/\/lightup.lv\/et\/wp-json\/wp\/v2\/types\/product"}],"wp:featuredmedia":[{"embeddable":true,"href":"https:\/\/lightup.lv\/et\/wp-json\/wp\/v2\/media\/4819"}],"wp:attachment":[{"href":"https:\/\/lightup.lv\/et\/wp-json\/wp\/v2\/media?parent=4818"}],"wp:term":[{"taxonomy":"product_brand","embeddable":true,"href":"https:\/\/lightup.lv\/et\/wp-json\/wp\/v2\/product_brand?post=4818"},{"taxonomy":"product_cat","embeddable":true,"href":"https:\/\/lightup.lv\/et\/wp-json\/wp\/v2\/product_cat?post=4818"},{"taxonomy":"product_tag","embeddable":true,"href":"https:\/\/lightup.lv\/et\/wp-json\/wp\/v2\/product_tag?post=4818"}],"curies":[{"name":"wp","href":"https:\/\/api.w.org\/{rel}","templated":true}]}}