{"id":4829,"date":"2021-01-21T09:39:27","date_gmt":"2021-01-21T09:39:27","guid":{"rendered":"https:\/\/lightup.lv\/product\/kensal-nordic-tv\/"},"modified":"2024-02-09T08:08:58","modified_gmt":"2024-02-09T08:08:58","slug":"kensal-nordic-tv","status":"publish","type":"product","link":"https:\/\/lightup.lv\/et\/tootekataloog\/kensal-nordic-tv\/","title":{"rendered":"Kensal Nordic TV"},"content":{"rendered":"<p>Balt\u0101 kr\u0101s\u0101 melam\u012bna TV skapis ar div\u0101m atvilktn\u0113m un atv\u0113rtu sekciju. Mas\u012bv\u0101s ozolkoka k\u0101jas un rokturi.<\/p>\n<p> ID 104224108012<\/p>","protected":false},"excerpt":{"rendered":"<p>Izm\u0113rs 130x45x50cm<\/p>","protected":false},"featured_media":4830,"template":"","meta":{"_acf_changed":false},"product_brand":[],"product_cat":[30,31],"product_tag":[102],"class_list":{"0":"post-4829","1":"product","2":"type-product","3":"status-publish","4":"has-post-thumbnail","6":"product_cat-korpusa-mebeles","7":"product_cat-tv-plaukti","8":"product_tag-woodman","10":"first","11":"onbackorder","12":"shipping-taxable","13":"purchasable","14":"product-type-simple"},"acf":[],"_links":{"self":[{"href":"https:\/\/lightup.lv\/et\/wp-json\/wp\/v2\/product\/4829","targetHints":{"allow":["GET"]}}],"collection":[{"href":"https:\/\/lightup.lv\/et\/wp-json\/wp\/v2\/product"}],"about":[{"href":"https:\/\/lightup.lv\/et\/wp-json\/wp\/v2\/types\/product"}],"wp:featuredmedia":[{"embeddable":true,"href":"https:\/\/lightup.lv\/et\/wp-json\/wp\/v2\/media\/4830"}],"wp:attachment":[{"href":"https:\/\/lightup.lv\/et\/wp-json\/wp\/v2\/media?parent=4829"}],"wp:term":[{"taxonomy":"product_brand","embeddable":true,"href":"https:\/\/lightup.lv\/et\/wp-json\/wp\/v2\/product_brand?post=4829"},{"taxonomy":"product_cat","embeddable":true,"href":"https:\/\/lightup.lv\/et\/wp-json\/wp\/v2\/product_cat?post=4829"},{"taxonomy":"product_tag","embeddable":true,"href":"https:\/\/lightup.lv\/et\/wp-json\/wp\/v2\/product_tag?post=4829"}],"curies":[{"name":"wp","href":"https:\/\/api.w.org\/{rel}","templated":true}]}}