{"id":4847,"date":"2021-01-21T09:59:10","date_gmt":"2021-01-21T09:59:10","guid":{"rendered":"https:\/\/lightup.lv\/product\/camden-tv\/"},"modified":"2024-02-09T08:09:29","modified_gmt":"2024-02-09T08:09:29","slug":"camden-tv","status":"publish","type":"product","link":"https:\/\/lightup.lv\/et\/tootekataloog\/camden-tv\/","title":{"rendered":"Camden TV"},"content":{"rendered":"<p>TV skapis Pantone Classic Blue ar melnu apdruku uz durv\u012bm, melnas kr\u0101sas beic\u0113tas mas\u012bvkoka k\u0101jas.<\/p>\n<p> ID 254223138382<\/p>","protected":false},"excerpt":{"rendered":"<p>Izm\u0113rs 150 x 40 x 50cm<\/p>","protected":false},"featured_media":4848,"template":"","meta":{"_acf_changed":false},"product_brand":[],"product_cat":[30,31],"product_tag":[102],"class_list":{"0":"post-4847","1":"product","2":"type-product","3":"status-publish","4":"has-post-thumbnail","6":"product_cat-korpusa-mebeles","7":"product_cat-tv-plaukti","8":"product_tag-woodman","10":"first","11":"onbackorder","12":"shipping-taxable","13":"purchasable","14":"product-type-simple"},"acf":[],"_links":{"self":[{"href":"https:\/\/lightup.lv\/et\/wp-json\/wp\/v2\/product\/4847","targetHints":{"allow":["GET"]}}],"collection":[{"href":"https:\/\/lightup.lv\/et\/wp-json\/wp\/v2\/product"}],"about":[{"href":"https:\/\/lightup.lv\/et\/wp-json\/wp\/v2\/types\/product"}],"wp:featuredmedia":[{"embeddable":true,"href":"https:\/\/lightup.lv\/et\/wp-json\/wp\/v2\/media\/4848"}],"wp:attachment":[{"href":"https:\/\/lightup.lv\/et\/wp-json\/wp\/v2\/media?parent=4847"}],"wp:term":[{"taxonomy":"product_brand","embeddable":true,"href":"https:\/\/lightup.lv\/et\/wp-json\/wp\/v2\/product_brand?post=4847"},{"taxonomy":"product_cat","embeddable":true,"href":"https:\/\/lightup.lv\/et\/wp-json\/wp\/v2\/product_cat?post=4847"},{"taxonomy":"product_tag","embeddable":true,"href":"https:\/\/lightup.lv\/et\/wp-json\/wp\/v2\/product_tag?post=4847"}],"curies":[{"name":"wp","href":"https:\/\/api.w.org\/{rel}","templated":true}]}}