{"id":4864,"date":"2021-01-21T10:27:37","date_gmt":"2021-01-21T10:27:37","guid":{"rendered":"https:\/\/lightup.lv\/product\/flop-highboard-oak-black\/"},"modified":"2024-02-09T08:10:18","modified_gmt":"2024-02-09T08:10:18","slug":"flop-highboard-oak-black","status":"publish","type":"product","link":"https:\/\/lightup.lv\/et\/precu-katalogs\/flop-highboard-oak-black\/","title":{"rendered":"Flop Highboard Oak\/Black"},"content":{"rendered":"<p>\u0160\u012b produkta korpuss ir izgatavots no ozolkoka finiera skaidu pl\u0101tnes. Durvis ir p\u0101rkl\u0101tas ar saliektu ozolkoka finiera p\u0101rkl\u0101jumu. Roktura fons un met\u0101la r\u0101mja akcentu tonis ir RAL 9005. Met\u0101la k\u0101ju r\u0101mis ir izgatavots no t\u0113rauda caurul\u0113m, kas kr\u0101sotas ar pulveri. Ozola da\u013cas ir nokr\u0101sotas ar Clear PU mat\u0113tu laku.<\/p>\n<p> ID 107216001162<\/p>","protected":false},"excerpt":{"rendered":"<p>Izm\u0113rs 100x48x140cm<\/p>","protected":false},"featured_media":4865,"template":"","meta":{"_acf_changed":false},"product_brand":[],"product_cat":[30,104],"product_tag":[102],"class_list":{"0":"post-4864","1":"product","2":"type-product","3":"status-publish","4":"has-post-thumbnail","6":"product_cat-korpusa-mebeles","7":"product_cat-kumodes","8":"product_tag-woodman","10":"first","11":"onbackorder","12":"shipping-taxable","13":"purchasable","14":"product-type-simple"},"acf":[],"_links":{"self":[{"href":"https:\/\/lightup.lv\/et\/wp-json\/wp\/v2\/product\/4864","targetHints":{"allow":["GET"]}}],"collection":[{"href":"https:\/\/lightup.lv\/et\/wp-json\/wp\/v2\/product"}],"about":[{"href":"https:\/\/lightup.lv\/et\/wp-json\/wp\/v2\/types\/product"}],"wp:featuredmedia":[{"embeddable":true,"href":"https:\/\/lightup.lv\/et\/wp-json\/wp\/v2\/media\/4865"}],"wp:attachment":[{"href":"https:\/\/lightup.lv\/et\/wp-json\/wp\/v2\/media?parent=4864"}],"wp:term":[{"taxonomy":"product_brand","embeddable":true,"href":"https:\/\/lightup.lv\/et\/wp-json\/wp\/v2\/product_brand?post=4864"},{"taxonomy":"product_cat","embeddable":true,"href":"https:\/\/lightup.lv\/et\/wp-json\/wp\/v2\/product_cat?post=4864"},{"taxonomy":"product_tag","embeddable":true,"href":"https:\/\/lightup.lv\/et\/wp-json\/wp\/v2\/product_tag?post=4864"}],"curies":[{"name":"t\u00f6\u00f6leht","href":"https:\/\/api.w.org\/{rel}","templated":true}]}}