{"id":5021,"date":"2021-01-21T13:52:47","date_gmt":"2021-01-21T13:52:47","guid":{"rendered":"https:\/\/lightup.lv\/product\/jugend-sideboard-walnut\/"},"modified":"2024-02-09T08:12:47","modified_gmt":"2024-02-09T08:12:47","slug":"jugend-sideboard-walnut","status":"publish","type":"product","link":"https:\/\/lightup.lv\/et\/precu-katalogs\/jugend-sideboard-walnut\/","title":{"rendered":"Jugend Sideboard Walnut"},"content":{"rendered":"<p>Melni iekr\u0101sots valriekstu finier\u0113ts korpuss, durvis ar skaidru valriekstu apdari, met\u0101la k\u0101jas. Soft close funkcija durv\u012bm un atvilktn\u0113m.<\/p>\n<p> ID 222215005162<\/p>","protected":false},"excerpt":{"rendered":"<p>Izm\u0113rs 180x480x700cm<\/p>","protected":false},"featured_media":5022,"template":"","meta":{"_acf_changed":false},"product_brand":[],"product_cat":[30,104],"product_tag":[102],"class_list":{"0":"post-5021","1":"product","2":"type-product","3":"status-publish","4":"has-post-thumbnail","6":"product_cat-korpusa-mebeles","7":"product_cat-kumodes","8":"product_tag-woodman","10":"first","11":"onbackorder","12":"shipping-taxable","13":"purchasable","14":"product-type-simple"},"acf":[],"_links":{"self":[{"href":"https:\/\/lightup.lv\/et\/wp-json\/wp\/v2\/product\/5021","targetHints":{"allow":["GET"]}}],"collection":[{"href":"https:\/\/lightup.lv\/et\/wp-json\/wp\/v2\/product"}],"about":[{"href":"https:\/\/lightup.lv\/et\/wp-json\/wp\/v2\/types\/product"}],"wp:featuredmedia":[{"embeddable":true,"href":"https:\/\/lightup.lv\/et\/wp-json\/wp\/v2\/media\/5022"}],"wp:attachment":[{"href":"https:\/\/lightup.lv\/et\/wp-json\/wp\/v2\/media?parent=5021"}],"wp:term":[{"taxonomy":"product_brand","embeddable":true,"href":"https:\/\/lightup.lv\/et\/wp-json\/wp\/v2\/product_brand?post=5021"},{"taxonomy":"product_cat","embeddable":true,"href":"https:\/\/lightup.lv\/et\/wp-json\/wp\/v2\/product_cat?post=5021"},{"taxonomy":"product_tag","embeddable":true,"href":"https:\/\/lightup.lv\/et\/wp-json\/wp\/v2\/product_tag?post=5021"}],"curies":[{"name":"t\u00f6\u00f6leht","href":"https:\/\/api.w.org\/{rel}","templated":true}]}}