{"id":5093,"date":"2021-01-21T14:39:23","date_gmt":"2021-01-21T14:39:23","guid":{"rendered":"https:\/\/lightup.lv\/product\/pimlico-sideboard\/"},"modified":"2024-02-09T08:13:44","modified_gmt":"2024-02-09T08:13:44","slug":"pimlico-kummut","status":"publish","type":"product","link":"https:\/\/lightup.lv\/et\/precu-katalogs\/pimlico-sideboard\/","title":{"rendered":"Pimlico kummut"},"content":{"rendered":"<p>Tammespooniga kaetud, s\u00f6ev\u00e4rviga v\u00e4rvitud kapp, messingist k\u00e4epidemed ja jalad, p\u00e4hklispooniga vahesein ja tagasein. \u00dcks reguleeritava k\u00f5rgusega riiul (48,7x39cm) kahepoolsete uste taga, kaks reguleeritava k\u00f5rgusega riiulit paremal asuvate \u00fcksikuuste taga. Uksehinged pehme sulgumisfunktsiooniga. Jalaraam (150x44x15cm) on valmistatud keevitatud metalltorust (d22mm). Spetsiaalse kujuga metallk\u00e4epidemed (120x40x20mm).<\/p>\n<p> ID 235215001052<\/p>","protected":false},"excerpt":{"rendered":"<p>Suurus 150x44x75cm<\/p>","protected":false},"featured_media":5094,"template":"","meta":{"_acf_changed":false},"product_brand":[],"product_cat":[30,104],"product_tag":[102],"class_list":{"0":"post-5093","1":"product","2":"type-product","3":"status-publish","4":"has-post-thumbnail","6":"product_cat-korpusa-mebeles","7":"product_cat-kumodes","8":"product_tag-woodman","10":"first","11":"onbackorder","12":"shipping-taxable","13":"purchasable","14":"product-type-simple"},"acf":[],"_links":{"self":[{"href":"https:\/\/lightup.lv\/et\/wp-json\/wp\/v2\/product\/5093","targetHints":{"allow":["GET"]}}],"collection":[{"href":"https:\/\/lightup.lv\/et\/wp-json\/wp\/v2\/product"}],"about":[{"href":"https:\/\/lightup.lv\/et\/wp-json\/wp\/v2\/types\/product"}],"wp:featuredmedia":[{"embeddable":true,"href":"https:\/\/lightup.lv\/et\/wp-json\/wp\/v2\/media\/5094"}],"wp:attachment":[{"href":"https:\/\/lightup.lv\/et\/wp-json\/wp\/v2\/media?parent=5093"}],"wp:term":[{"taxonomy":"product_brand","embeddable":true,"href":"https:\/\/lightup.lv\/et\/wp-json\/wp\/v2\/product_brand?post=5093"},{"taxonomy":"product_cat","embeddable":true,"href":"https:\/\/lightup.lv\/et\/wp-json\/wp\/v2\/product_cat?post=5093"},{"taxonomy":"product_tag","embeddable":true,"href":"https:\/\/lightup.lv\/et\/wp-json\/wp\/v2\/product_tag?post=5093"}],"curies":[{"name":"t\u00f6\u00f6leht","href":"https:\/\/api.w.org\/{rel}","templated":true}]}}